{"id":7606,"date":"2023-08-15T17:10:58","date_gmt":"2023-08-15T15:10:58","guid":{"rendered":"https:\/\/digital-link.com\/gs1-digitaler-link-den-standard-verstehen\/"},"modified":"2024-09-06T14:11:28","modified_gmt":"2024-09-06T12:11:28","slug":"gs1-digitaler-link-den-standard-verstehen","status":"publish","type":"page","link":"https:\/\/digital-link.com\/de\/gs1-digitaler-link-den-standard-verstehen\/","title":{"rendered":"GS1 digital link"},"content":{"rendered":"\n<h2 class=\"wp-block-heading\">Was ist GS1 Digital Link, und warum ist es wichtig?<\/h2>\n\n<p>GS1 Digital Link (auch bekannt als 2D-Barcode) ist ein innovativer Standard, der physische Produkte mit dynamischen digitalen Inhalten und Erfahrungen verbindet.\nDie Kodierung von Web-URIs in Barcodes und QR-Codes schlie\u00dft die L\u00fccke zwischen offline und online. <\/p>\n\n<p>Diese neue Initiative schafft ein Portal zwischen dem physischen Produkt und Online-Markenerlebnissen, Informationsquellen, Apps und mehr.\nDurch das Scannen eines einzigen Barcodes auf einer Produktverpackung k\u00f6nnen Sie mit GS1 Digital Link sofort den Zugang zu digitalen Inhalten freischalten, die auf den jeweiligen Benutzer zugeschnitten sind. <\/p>\n\n<figure class=\"wp-block-image size-large\"><img fetchpriority=\"high\" decoding=\"async\" width=\"1024\" height=\"619\" src=\"https:\/\/digital-link.com\/wp-content\/uploads\/2023\/08\/connecting-physical-products-to-dynamic-digital-content-1024x619.png\" alt=\"Was ist GS1 Digital Link\" class=\"wp-image-4777\" title=\"\" srcset=\"https:\/\/digital-link.com\/wp-content\/uploads\/2023\/08\/connecting-physical-products-to-dynamic-digital-content-1024x619.png 1024w, https:\/\/digital-link.com\/wp-content\/uploads\/2023\/08\/connecting-physical-products-to-dynamic-digital-content-300x181.png 300w, https:\/\/digital-link.com\/wp-content\/uploads\/2023\/08\/connecting-physical-products-to-dynamic-digital-content-768x464.png 768w, https:\/\/digital-link.com\/wp-content\/uploads\/2023\/08\/connecting-physical-products-to-dynamic-digital-content.png 1456w\" sizes=\"(max-width: 1024px) 100vw, 1024px\" \/><\/figure>\n\n<p>Einige der M\u00f6glichkeiten, die der GS1 Digital Link Standard bietet, sind:<\/p>\n\n<ul class=\"wp-block-list\">\n<li><strong>Omnichannel-Flexibilit\u00e4t<\/strong> &#8211; dieselben Codes k\u00f6nnen mit verschiedenen, f\u00fcr den jeweiligen Kontext optimierten Erlebnissen verkn\u00fcpft werden, z. B. am Point of Sale oder im E-Commerce.<\/li>\n\n\n\n<li><strong>Verbesserte R\u00fcckverfolgbarkeit<\/strong> &#8211; Produkte k\u00f6nnen digital identifiziert und \u00fcber die gesamte Lieferkette bis auf Artikelebene nachverfolgt werden.<\/li>\n\n\n\n<li><strong>Transparenz<\/strong> &#8211; einfacher Zugang zu detaillierten Informationen \u00fcber die Nachfrage, wie Inhaltsstoffe, Beschaffung und Herstellung.<\/li>\n\n\n\n<li><strong>Nahtlose Einhaltung der Vorschriften<\/strong> &#8211; erforderliche Daten wie Verfallsdaten und N\u00e4hrwertangaben k\u00f6nnen \u00fcber die Codes digital weitergegeben werden.<\/li>\n\n\n\n<li><strong>Kundenerlebnis<\/strong> &#8211; das Scannen von Codes bietet M\u00f6glichkeiten f\u00fcr Werbeaktionen, Bewertungen, Markentreueprogramme und mehr.<\/li>\n\n\n\n<li><strong>Erweiterte Produkterlebnisse<\/strong> &#8211; bieten Sie zus\u00e4tzliche Inhalte wie Demos, Anleitungsvideos und Rezepte.<\/li>\n\n\n\n<li><strong>Verbesserte Gesch\u00e4ftseinblicke<\/strong> &#8211; Sie erhalten zus\u00e4tzliche Daten zur Produktnutzung und Lebenszyklusanalyse.<\/li>\n<\/ul>\n\n<p><br\/><a href=\"https:\/\/digital-link.com\/guides\/gs1-digital-link-examples-use-cases\/\">GS1 digital link<\/a> bietet eine standardisierte M\u00f6glichkeit, jedem Produkt eine <strong>einzigartige digitale Identit\u00e4t<\/strong> zu geben.\nDies legt den Grundstein f\u00fcr ein Internet der Dinge, in dem intelligente Produkte zur Norm werden. <\/p>\n\n<p>Die Auswirkungen auf verpackte Waren, den Einzelhandel, das Gesundheitswesen und andere Branchen sind enorm.\nGS1 Digital Link oder 2D-Barcodes erm\u00f6glichen es, Produkte auf neue Weise zu vermarkten, zu verwalten, zu verfolgen und zu analysieren. <\/p>\n\n<p>GS1 US spielt eine entscheidende Rolle bei der Einf\u00fchrung des GS1 Digital Link-Standards in verschiedenen Branchen in den Vereinigten Staaten.\nDurch die Verwendung des GS1 Digital Link erm\u00f6glicht GS1 US den Handelspartnern, die R\u00fcckverfolgbarkeit von Produkten und die Einbindung der Verbraucher durch innovative digitale Technologien zu verbessern.\nGS1 US sorgt daf\u00fcr, dass Unternehmen und ihre Handelspartner den GS1 Digital Link nahtlos in ihre Lieferketten integrieren k\u00f6nnen, um die Effizienz und Transparenz beim Austausch von Produktinformationen zu verbessern.  <\/p>\n\n<h2 class=\"wp-block-heading\">Wie funktioniert die GS1 Digital Link Technologie?<\/h2>\n\n<p>Ein GS1 digital link ist ein Barcode in Kombination mit Webadressen. Damit diese einfache, aber unglaublich <a href=\"https:\/\/digital-link.com\/guides\/gs1-digital-link-technology\/\" data-type=\"post\" data-id=\"4961\">leistungsf\u00e4hige Technologie<\/a> funktioniert, ist es wichtig zu verstehen, wie der Link aufgebaut sein muss und wie die damit verbundenen Informationen und Inhalte abgerufen und verteilt werden. <\/p>\n\n<h3 class=\"wp-block-heading\">URI-Struktur<\/h3>\n\n<p>Ein <a href=\"\/?p=2004\" data-type=\"post\" data-id=\"2004\" data-schema-attribute=\"about\">digitaler GS1 Link URI<\/a> ist eine Webadresse, die so formatiert ist, dass sie den eindeutigen GS1 Identifikator eines Produkts (wie eine GTIN-Nummer) enth\u00e4lt.\nDie URI-Struktur verbindet physische Objekte mit digitalen Online-Identit\u00e4ten. <br\/><strong>Zum Beispiel:<\/strong><br\/>https:\/\/brand.com\/01\/01234567890123<\/p>\n\n<p><br\/>Die URI-Syntax folgt einer standardisierten Struktur, die in den GS1 Spezifikationen f\u00fcr digital links definiert ist:<\/p>\n\n<ul class=\"wp-block-list\">\n<li><strong>Domain<\/strong> &#8211; Die marken- oder unternehmenseigene Webdomain.<\/li>\n\n\n\n<li><strong>Prim\u00e4rer ID-Schl\u00fcssel<\/strong> &#8211; Ein GS1 Application Identifier (AI), der die Art des verwendeten Identifikators angibt, z.B. GTIN-13, GTIN-14, SSCC, usw.<\/li>\n\n\n\n<li><strong>Identifikator<\/strong> &#8211; Die eigentliche Produktidentifikationsnummer, die auf dem AI-Schl\u00fcssel basiert.\nZum Beispiel die 12-stellige UPC-Nummer. <\/li>\n\n\n\n<li><strong>Qualifiers<\/strong> &#8211; Optionale zus\u00e4tzliche IDs wie Chargennummer, Seriennummer, etc.<\/li>\n\n\n\n<li><strong>Attribute<\/strong> &#8211; Optionale Datenpunkte wie Gewicht, Abmessungen und Verfallsdatum.<\/li>\n<\/ul>\n\n<p><br\/>Wenn die URI kodiert und gescannt wird, erm\u00f6glicht sie die Suche nach der digitalen Identit\u00e4t des Produkts und den damit verbundenen Informationen.<\/p>\n\n<h3 class=\"wp-block-heading\">Aufl\u00f6ser<\/h3>\n\n<p>Ein Server, der als<a href=\"https:\/\/digital-link.com\/guides\/gs1-digital-link-resolver\/\"> GS1 Digital Link Resolver<\/a> bezeichnet wird, ist erforderlich, um einen GS1 Digital Link oder einen 2D-Barcode-URI in aussagekr\u00e4ftige Produktdaten zu \u00fcbersetzen. Resolving-Dienste stellen die Verbindung zwischen der physischen und der digitalen Welt her.Wenn ein GS1 Digital Link gescannt wird, empf\u00e4ngt der Resolver den URI und sucht anhand des in der URI-Struktur enthaltenen Identifikators nach der Identit\u00e4t des Produkts.Resolver erf\u00fcllen mehrere wichtige Funktionen: <\/p>\n\n<ul class=\"wp-block-list\">\n<li>Abrufen <strong>zugeh\u00f6riger digitaler Inhalte<\/strong> &#8211; Produktinformationen, Attribute, Medien, Web-Erlebnisse, usw.<\/li>\n\n\n\n<li>\u00dcberpr\u00fcfung der <strong>G\u00fcltigkeit von Produktkennungen<\/strong> &#8211; Best\u00e4tigung, dass die GTIN oder SKU offiziell registriert ist.<\/li>\n\n\n\n<li>Umleitung<strong> je nach Kontext<\/strong> &#8211; Umleitung zu verschiedenen Erlebnissen je nachdem, wer, wo und wie der Code gescannt wird.<\/li>\n<\/ul>\n\n<p><br\/>So kann der Resolver beispielsweise Preis- und Bestandsinformationen zur\u00fcckgeben, wenn er w\u00e4hrend des Bezahlvorgangs bei einem Einzelh\u00e4ndler gescannt wird, anstatt ein Produktvideo zu liefern, wenn es mit dem Smartphone eines Kunden gescannt wird.<\/p>\n\n<h3 class=\"wp-block-heading\">Datentr\u00e4ger<\/h3>\n\n<p>Um <a href=\"https:\/\/digital-link.com\/de\/\" data-type=\"page\" data-id=\"220\">GS1 digital link<\/a> mit physischen Produkten zu verkn\u00fcpfen, muss die URI in <a href=\"\/?p=2004\" data-type=\"post\" data-id=\"2004\" data-schema-attribute=\"about\">optischen Datentr\u00e4gern<\/a> wie einem QR-Code oder einer Data Matrix kodiert werden, die auf die Verpackung gedruckt werden k\u00f6nnen.<br\/>QR-Codes sind hier eine offensichtliche Wahl, vor allem, da die Entwicklung von professionellen Druckern mit hoher Aufl\u00f6sung es erm\u00f6glicht hat, die Mindestgr\u00f6\u00dfe von QR-Codes auf 5 mm zu reduzieren, ohne dass sie von Ger\u00e4ten gelesen werden k\u00f6nnen.<\/p>\n\n<figure class=\"wp-block-image size-large\"><img decoding=\"async\" width=\"1024\" height=\"619\" src=\"https:\/\/digital-link.com\/wp-content\/uploads\/2023\/08\/Data-carriers-1024x619.png\" alt=\"Datentr&#xE4;ger\" class=\"wp-image-4773\" title=\"\" srcset=\"https:\/\/digital-link.com\/wp-content\/uploads\/2023\/08\/Data-carriers-1024x619.png 1024w, https:\/\/digital-link.com\/wp-content\/uploads\/2023\/08\/Data-carriers-300x181.png 300w, https:\/\/digital-link.com\/wp-content\/uploads\/2023\/08\/Data-carriers-768x464.png 768w, https:\/\/digital-link.com\/wp-content\/uploads\/2023\/08\/Data-carriers.png 1456w\" sizes=\"(max-width: 1024px) 100vw, 1024px\" \/><\/figure>\n\n<h2 class=\"wp-block-heading\">Warum GS1 Digital Link einf\u00fchren?<\/h2>\n\n<h3 class=\"wp-block-heading\">Omnichannel-Flexibilit\u00e4t<\/h3>\n\n<p>Der GS1 Digital Link-Standard erm\u00f6glicht nahtlose Verbrauchererlebnisse \u00fcber physische und digitale Ber\u00fchrungspunkte hinweg.<br\/>Die Flexibilit\u00e4t des Standards bedeutet, dass sich ein einziger QR-Code je nach Kontext an verschiedene Ziele anpassen und aufl\u00f6sen kann.<\/p>\n\n<p><br\/>So kann der Code je nach Land, in dem er gescannt wird, je nach Tageszeit, zu der er gescannt wird, oder je nach anderen Variablen, wie z. B. ob er in einer Verkaufsstelle gescannt wird, je nach Art des verwendeten Ger\u00e4ts oder je nach Wetterlage, mit unterschiedlichen Ressourcen verkn\u00fcpft werden.<br\/>Diese kontextabh\u00e4ngige Funktion bietet Verbrauchern Konsistenz in station\u00e4ren Gesch\u00e4ften, auf E-Commerce-Websites, in mobilen Apps, bei Gesch\u00e4ftspartnern, in Lebensmittelgesch\u00e4ften, an Verkaufsstellen und mehr.<\/p>\n\n<h3 class=\"wp-block-heading\">Transparenz in der Lieferkette<\/h3>\n\n<p>Die Echtzeittransparenz und Konnektivit\u00e4t, die durch den GS1 digital link oder den 2D-Barcode erm\u00f6glicht werden, verbessern die <a href=\"\/?p=2004\" data-type=\"post\" data-id=\"2004\">Effizienz der Lieferkette<\/a> im globalen Handel.<br\/>Hersteller erhalten Einblicke in die verwendeten Rohstoffe und Komponenten, Akteure im Einzelhandel k\u00f6nnen den Bestand standort\u00fcbergreifend verfolgen, und Logistikanbieter und Gesch\u00e4ftspartner k\u00f6nnen Sendungen in Echtzeit lokalisieren.<br\/>Diese beispiellose Transparenz auf der Ebene des einzelnen Produkts verbessert die R\u00fcckverfolgbarkeit, reduziert manuelle Fehler, beschleunigt R\u00fcckrufe und erm\u00f6glicht datengest\u00fctzte Entscheidungen zur Optimierung der Produktivit\u00e4t der Lieferkette.<\/p>\n\n<figure class=\"wp-block-image size-large\"><img decoding=\"async\" width=\"1024\" height=\"619\" src=\"https:\/\/digital-link.com\/wp-content\/uploads\/2023\/08\/Supply-chain-operations-1024x619.png\" alt=\"\" class=\"wp-image-4775\" title=\"\" srcset=\"https:\/\/digital-link.com\/wp-content\/uploads\/2023\/08\/Supply-chain-operations-1024x619.png 1024w, https:\/\/digital-link.com\/wp-content\/uploads\/2023\/08\/Supply-chain-operations-300x181.png 300w, https:\/\/digital-link.com\/wp-content\/uploads\/2023\/08\/Supply-chain-operations-768x464.png 768w, https:\/\/digital-link.com\/wp-content\/uploads\/2023\/08\/Supply-chain-operations.png 1456w\" sizes=\"(max-width: 1024px) 100vw, 1024px\" \/><\/figure>\n\n<h3 class=\"wp-block-heading\">Engagement des K\u00e4ufers<\/h3>\n\n<p>On-demand-Produktdaten erm\u00f6glichen es Markeninhabern, <strong>direkt mit ihren Kunden zu interagieren<\/strong> und Produkte transparent zu machen.<br\/>Verbraucher wollen immer mehr Details wissen, wie z.B. den Herstellungsort eines Artikels, das Verfallsdatum, Inhaltsstoffe, Allergeninformationen, Nachhaltigkeitsnachweise und vieles mehr.Der GS1 Digital Link-Standard erm\u00f6glicht den sofortigen Zugriff auf diese Produktdaten von der Verpackung \u00fcber mobile Ger\u00e4te.<\/p>\n\n<h3 class=\"wp-block-heading\">Einhaltung gesetzlicher Vorschriften<\/h3>\n\n<p><strong>Der<\/strong> digitale Austausch von erforderlichen Daten, Zertifizierungen und Inhaltsstoffen <strong>vereinfacht die Einhaltung von Vorschriften<\/strong>.<br\/>Vorschriften erfordern mehr Produkttransparenz, insbesondere in der Lebensmittel- und Getr\u00e4nkeindustrie sowie im Gesundheitswesen &#8211; zum Beispiel die FDA-Vorschriften zur N\u00e4hrwertkennzeichnung in den USA oder die EU-Vorschriften, die digitale Produktp\u00e4sse vorschreiben.<\/p>\n\n<p><br\/>Durch die digitale Zentralisierung der erforderlichen Compliance-Assets wie Dokumentation, Zertifizierungen und Inhaltsstoffe \u00fcber einen GS1 digital link oder einen 2D-Barcode kann ein Markeninhaber die regulatorischen Verpflichtungen effizienter erf\u00fcllen.<\/p>\n\n<h3 class=\"wp-block-heading\">Zukunftssicher<\/h3>\n\n<p>Der GS1 Digital Link-Standard, auch bekannt als 2D-Barcode, ist f\u00fcr die Zukunft der vernetzten IoT-Produkte und die Einhaltung von Track-and-Trace-Vorschriften unerl\u00e4sslich.\nAngesichts der Frist 2027 f\u00fcr die Umstellung von linearen auf 2D-Barcodes, die als Sunrise 2027 bekannt ist, m\u00fcssen Marken diese Technologie jetzt einf\u00fchren, um wettbewerbsf\u00e4hig und konform zu bleiben.\nWenn Sie heute mit der Implementierung beginnen, k\u00f6nnen Sie Ihre Gesch\u00e4fte zukunftssicher machen und sicherstellen, dass Sie die kommenden Standards erf\u00fcllen.  <\/p>\n\n<h2 class=\"wp-block-heading\">GS1 Digital Link Anwendungen und Anwendungsf\u00e4lle<\/h2>\n\n<p>GS1 Digital Link oder 2D-Barcodes er\u00f6ffnen neue M\u00f6glichkeiten f\u00fcr Unternehmen in den Bereichen Einzelhandel, Konsumg\u00fcter, Produktion, Gesundheitswesen, Logistik und Technologie.\nEr bietet eine standardisierte M\u00f6glichkeit, physische Dinge mit digitalen Erfahrungen und Informationen zu verbinden. <\/p>\n\n<p>Die Anwendungsf\u00e4lle reichen von der Verbesserung der Kundenbindung \u00fcber die Optimierung der Lieferkette bis hin zur Vereinfachung der Compliance und vieles mehr.<\/p>\n\n<h3 class=\"wp-block-heading\">Engagement des K\u00e4ufers<\/h3>\n\n<p>F\u00fcr Markenartikler schafft GS1 digital link ein nahtloses Erlebnis auf Verpackungen, in digitalen Anzeigen, auf Websites und in Apps.<\/p>\n\n<p>Scannbare Codes machen Produkte zu Startpunkten f\u00fcr breitere Verbrauchererfahrungen.<br\/>Spezifische Anwendungen umfassen:<\/p>\n\n<ul class=\"wp-block-list\">\n<li><strong>Produktschulung<\/strong> &#8211; Teilen Sie Videos \u00fcber Inhaltsstoffe, Nachhaltigkeit, Herstellungsprozess usw.<\/li>\n\n\n\n<li><strong>Verbraucherunterst\u00fctzung<\/strong> &#8211; Aktivieren Sie Anleitungen zur Selbsthilfe, FAQs, Chatbots<\/li>\n\n\n\n<li><strong>Digitaler Knotenpunkt<\/strong> &#8211; Link zu Online-Inhalten wie Rezepten, Anleitungen sowie Tipps und Tricks<\/li>\n\n\n\n<li><strong>Soziales Teilen<\/strong> &#8211; Ermutigen Sie zum Teilen von Bewertungen, Fotos und Erfahrungen<\/li>\n\n\n\n<li><strong>Markentreueprogramme<\/strong> &#8211; Direkt zu Mitgliederportalen und exklusiven Angeboten<\/li>\n\n\n\n<li><strong>Coupons\/Promotions<\/strong> &#8211; Liefern Sie Sonderangebote, Gewinnspiele, Rabatte<\/li>\n\n\n\n<li><strong>App-Annahme<\/strong> &#8211; Prompter Download und Onboarding f\u00fcr Marken-Apps<\/li>\n<\/ul>\n\n<p><\/p>\n\n<figure class=\"wp-block-image size-large\"><img loading=\"lazy\" decoding=\"async\" width=\"1024\" height=\"619\" src=\"https:\/\/digital-link.com\/wp-content\/uploads\/2023\/08\/smiling-woman-scanning-qr-code-on-a-product-while-2023-02-02-20-31-15-utc-1-1024x619.png\" alt=\"\" class=\"wp-image-4787\" title=\"\" srcset=\"https:\/\/digital-link.com\/wp-content\/uploads\/2023\/08\/smiling-woman-scanning-qr-code-on-a-product-while-2023-02-02-20-31-15-utc-1-1024x619.png 1024w, https:\/\/digital-link.com\/wp-content\/uploads\/2023\/08\/smiling-woman-scanning-qr-code-on-a-product-while-2023-02-02-20-31-15-utc-1-300x181.png 300w, https:\/\/digital-link.com\/wp-content\/uploads\/2023\/08\/smiling-woman-scanning-qr-code-on-a-product-while-2023-02-02-20-31-15-utc-1-768x464.png 768w, https:\/\/digital-link.com\/wp-content\/uploads\/2023\/08\/smiling-woman-scanning-qr-code-on-a-product-while-2023-02-02-20-31-15-utc-1.png 1456w\" sizes=\"(max-width: 1024px) 100vw, 1024px\" \/><\/figure>\n\n<h3 class=\"wp-block-heading\">Operationen in der Lieferkette<\/h3>\n\n<p>GS1 Digital Link verbessert die logistische R\u00fcckverfolgbarkeit, die betriebliche Effizienz und die Entscheidungsfindung in der Lieferkette.<br\/>Zu den wichtigsten Anwendungsf\u00e4llen geh\u00f6ren:<\/p>\n\n<ul class=\"wp-block-list\">\n<li><strong>Inventarverwaltung<\/strong> &#8211; Zugriff auf Echtzeit-Inventar in einem Netzwerk von Standorten<\/li>\n\n\n\n<li><strong>Auftragsabwicklung<\/strong> &#8211; Kommissionieren\/Packen von Auftr\u00e4gen durch Scannen von Artikeln statt manueller Eingabe<\/li>\n\n\n\n<li><strong>Versand\/Logistik<\/strong> &#8211; Verfolgen Sie den Standort und den Status einzelner Artikel w\u00e4hrend des Transports.<\/li>\n\n\n\n<li><strong>R\u00fcckrufmanagement <\/strong>&#8211; Identifizieren Sie schnell betroffene Produkte bis hin zu genauen Chargen- oder Seriennummern<\/li>\n\n\n\n<li><strong>Nachschub<\/strong> &#8211; Automatisieren Sie Bestellungen und Arbeitsabl\u00e4ufe auf der Grundlage von Warnungen \u00fcber niedrige Lagerbest\u00e4nde.<\/li>\n\n\n\n<li><strong>Retouren<\/strong> &#8211; Scannen Sie Produkte, um zugeh\u00f6rige Bestellinformationen aufzurufen.<\/li>\n\n\n\n<li><strong>Qualit\u00e4tskontrolle<\/strong> &#8211; Ermitteln Sie die Produkte, die zu bestimmten Zeiten getestet und hergestellt wurden<\/li>\n<\/ul>\n\n<h3 class=\"wp-block-heading\">Einhaltung gesetzlicher Vorschriften<\/h3>\n\n<p>Der GS1 Digital Link oder 2D-Barcode vereinfacht die Weitergabe der erforderlichen Produktinformationen wie Inhaltsstoffe, Verfallsdatum und Nachhaltigkeitsinformationen.<br\/>Anwendungen umfassen:<\/p>\n\n<ul class=\"wp-block-list\">\n<li><strong>Inhaltsstoffdeklarationen<\/strong> &#8211; Bieten dem Verbraucher Zugang zu Informationen \u00fcber Allergene, N\u00e4hrwertangaben usw.<\/li>\n\n\n\n<li><strong>Zertifizierungen<\/strong> &#8211; Teilen Sie Bio-, Fairtrade- und andere ethische Beschaffungsnachweise<\/li>\n\n\n\n<li><strong>Herstellerinfo<\/strong> &#8211; Link zu Details \u00fcber Tests, Qualit\u00e4tskontrolle und Einrichtungen<\/li>\n\n\n\n<li><strong>Verfallsdaten<\/strong> &#8211; Verwalten Sie Verwendbarkeitsfristen und Frische<\/li>\n\n\n\n<li><strong>Umweltmetriken<\/strong> &#8211; Bieten Sie den Verbrauchern Daten zum CO2-Fu\u00dfabdruck, zum Energieverbrauch und zu den Auswirkungen auf die Nachhaltigkeit.<\/li>\n\n\n\n<li><strong>Digitale Chargenprotokolle<\/strong> &#8211; Digitalisieren von Produktionsprozessen und -protokollen<\/li>\n<\/ul>\n\n<p><br\/>Die <a href=\"https:\/\/digital-link.com\/guides\/digital-link-supply-chain\/\" data-type=\"post\" data-id=\"4331\" data-schema-attribute=\"about\">Anwendungen von GS1 Digital Link<\/a> gehen weit \u00fcber diese Liste hinaus, aber sie bietet eine Momentaufnahme der vielf\u00e4ltigen M\u00f6glichkeiten in verschiedenen Sektoren.<\/p>\n\n<h2 class=\"wp-block-heading\">Starten Sie mit GS1 digital link<\/h2>\n\n<p>F\u00fcr Marken, die GS1 Digital Link einf\u00fchren m\u00f6chten, gibt es einige wichtige Schritte, um Ihr Programm zum Erfolg zu f\u00fchren.<\/p>\n\n<h3 class=\"wp-block-heading\">W\u00e4hlen Sie den Datentr\u00e4ger<\/h3>\n\n<p>Ein wichtiger Punkt ist die Wahl des Datentr\u00e4gers, auf dem der GS1 Digital Link oder die 2D-Barcodes kodiert werden.\nDiese werden gedruckt und auf die physischen Produkte aufgebracht.<br\/>Die beliebteste Wahl f\u00fcr die Einbindung der Verbraucher sind QR-Codes, die mit Smartphones einfach von der Verpackung gescannt werden k\u00f6nnen. <\/p>\n\n<h3 class=\"wp-block-heading\">Digital Link URIs erstellen<\/h3>\n\n<p>Nachdem der Datentr\u00e4ger bestimmt wurde, ist es an der Zeit, die eigentlichen GS1 Digital Link URIs zu erstellen. Hier kommen die GS1 Standards ins Spiel.URIs m\u00fcssen der <a href=\"\/?p=2004\" data-type=\"post\" data-id=\"2004\">korrekten Syntax und Struktur<\/a> entsprechen, die in der GS1 Digital Link- oder 2D-Barcode-Spezifikation beschrieben sind. Dazu geh\u00f6ren die Dom\u00e4ne, der Bezeichnertyp, GTIN-Werte, Qualifizierer wie Chargen- und Seriennummern und Attribute wie Verfallsdatum und Menge.  <\/p>\n\n<p>Ein auf unserer Plattform generierter GS1 Digital Link wird <strong>automatisch validiert<\/strong>, um sicherzustellen, dass die URIs korrekt formatiert sind.<\/p>\n\n<h3 class=\"wp-block-heading\">Einrichten des Resolvers<\/h3>\n\n<p>Eine weitere wichtige Komponente ist die Bereitstellung des Aufl\u00f6sungsdienstes zur Verarbeitung der GS1 digital links.<br\/>Wenn die Codes gescannt werden, empf\u00e4ngt der Aufl\u00f6ser die URIs und <strong>wandelt sie in relevante Antworten um<\/strong>. Dazu geh\u00f6rt auch das Abrufen der zugeh\u00f6rigen Daten und die Weiterleitung der Benutzer zu den entsprechenden Endpunkten.<br\/>Der von <a href=\"https:\/\/digital-link.com\/de\/\" data-type=\"page\" data-id=\"220\">digital-link.com<\/a> angebotene Dienst umfasst <a href=\"\/?p=2004\" data-type=\"post\" data-id=\"2004\">Aufl\u00f6sungsfunktionen<\/a>, deren Einrichtung andernfalls erhebliche Anstrengungen und Investitionen erfordern w\u00fcrde. <\/p>\n\n<h3 class=\"wp-block-heading\">Erfahrungen verbinden<\/h3>\n\n<p>Der letzte Schritt besteht darin, den GS1 digital link oder die 2D-Barcodes mit den Online-Markentreue-Erlebnissen, Inhalten, Informationsquellen, Apps und Tools zu verbinden, auf die Ihre Kunden durch das Scannen von Produkten zugreifen sollen. Dazu geh\u00f6rt die Einrichtung von <strong>Produktseiten<\/strong>, Portalen, Videos, Werbeaktionen und mehr.<br\/>Gl\u00fccklicherweise erstellt <a href=\"https:\/\/digital-link.com\/de\/\" data-type=\"page\" data-id=\"220\">digital-link.com<\/a> f\u00fcr Sie automatisch einen GS1 digital link, eine intelligente Produktseite und einen dynamischen QR-Code <a href=\"https:\/\/digital-link.com\/de\/\" data-type=\"page\" data-id=\"220\">mit einer einfachen Produkt-GTIN<\/a>. <\/p>\n\n<figure class=\"wp-block-image size-large\"><img loading=\"lazy\" decoding=\"async\" width=\"1024\" height=\"620\" src=\"https:\/\/digital-link.com\/wp-content\/uploads\/2023\/08\/Imagen-acompanamiento-2-1024x620.jpg\" alt=\"\" class=\"wp-image-4783\" title=\"\" srcset=\"https:\/\/digital-link.com\/wp-content\/uploads\/2023\/08\/Imagen-acompanamiento-2-1024x620.jpg 1024w, https:\/\/digital-link.com\/wp-content\/uploads\/2023\/08\/Imagen-acompanamiento-2-300x182.jpg 300w, https:\/\/digital-link.com\/wp-content\/uploads\/2023\/08\/Imagen-acompanamiento-2-768x465.jpg 768w, https:\/\/digital-link.com\/wp-content\/uploads\/2023\/08\/Imagen-acompanamiento-2.jpg 1456w\" sizes=\"(max-width: 1024px) 100vw, 1024px\" \/><\/figure>\n\n<h2 class=\"wp-block-heading\">Fazit<\/h2>\n\n<p>GS1 Digital Link revolutioniert den globalen Handel, indem es physische und digitale Produkte miteinander verbindet, was die Einhaltung bestimmter Standards und Technologien erfordert. <a href=\"http:\/\/Digital-link.com\" data-type=\"link\" data-id=\"Digital-link.com\" rel=\"noopener\">Digital-link.com<\/a> bietet eine SaaS-L\u00f6sung, mit der Marken schnell <a href=\"https:\/\/www.gs1es.org\/estandares-gs1-identificar\/gs1-digital-link\/\" rel=\"noopener\"> GS1 digital link<\/a> erstellen, ihre Produkte digitalisieren und die Leistung durch detaillierte Analysen messen k\u00f6nnen. Um loszulegen, kontaktieren Sie die Experten unter <a href=\"mailto:info@digital-link.com\">info@digital-link.com<\/a> oder nutzen Sie den Live-Chat. <\/p>\n","protected":false},"excerpt":{"rendered":"<p>Was ist GS1 Digital Link, und warum ist es wichtig? GS1 Digital Link (auch bekannt als 2D-Barcode) ist ein innovativer Standard, der physische Produkte mit dynamischen digitalen Inhalten und Erfahrungen verbindet. Die Kodierung von Web-URIs in Barcodes und QR-Codes schlie\u00dft die L\u00fccke zwischen offline und online. Diese neue Initiative schafft ein Portal zwischen dem physischen [&hellip;]<\/p>\n","protected":false},"author":10,"featured_media":7607,"parent":0,"menu_order":0,"comment_status":"closed","ping_status":"closed","template":"","meta":{"footnotes":""},"class_list":["post-7606","page","type-page","status-publish","has-post-thumbnail","hentry"],"_links":{"self":[{"href":"https:\/\/digital-link.com\/de\/wp-json\/wp\/v2\/pages\/7606","targetHints":{"allow":["GET"]}}],"collection":[{"href":"https:\/\/digital-link.com\/de\/wp-json\/wp\/v2\/pages"}],"about":[{"href":"https:\/\/digital-link.com\/de\/wp-json\/wp\/v2\/types\/page"}],"author":[{"embeddable":true,"href":"https:\/\/digital-link.com\/de\/wp-json\/wp\/v2\/users\/10"}],"replies":[{"embeddable":true,"href":"https:\/\/digital-link.com\/de\/wp-json\/wp\/v2\/comments?post=7606"}],"version-history":[{"count":1,"href":"https:\/\/digital-link.com\/de\/wp-json\/wp\/v2\/pages\/7606\/revisions"}],"predecessor-version":[{"id":7608,"href":"https:\/\/digital-link.com\/de\/wp-json\/wp\/v2\/pages\/7606\/revisions\/7608"}],"wp:featuredmedia":[{"embeddable":true,"href":"https:\/\/digital-link.com\/de\/wp-json\/wp\/v2\/media\/7607"}],"wp:attachment":[{"href":"https:\/\/digital-link.com\/de\/wp-json\/wp\/v2\/media?parent=7606"}],"curies":[{"name":"wp","href":"https:\/\/api.w.org\/{rel}","templated":true}]}}