{"id":4664,"date":"2023-02-10T18:02:22","date_gmt":"2023-02-10T17:02:22","guid":{"rendered":"https:\/\/digital-link.com\/aviso-legal\/"},"modified":"2025-09-12T11:28:55","modified_gmt":"2025-09-12T09:28:55","slug":"aviso-legal","status":"publish","type":"page","link":"https:\/\/digital-link.com\/es\/aviso-legal\/","title":{"rendered":"Aviso legal"},"content":{"rendered":"\t\t<div data-elementor-type=\"wp-page\" data-elementor-id=\"4664\" class=\"elementor elementor-4664 elementor-3156\" data-elementor-post-type=\"page\">\n\t\t\t\t\t\t<section class=\"elementor-section elementor-top-section elementor-element elementor-element-b63eb22 elementor-section-boxed elementor-section-height-default elementor-section-height-default\" data-id=\"b63eb22\" data-element_type=\"section\" data-e-type=\"section\">\n\t\t\t\t\t\t<div class=\"elementor-container elementor-column-gap-default\">\n\t\t\t\t\t<div class=\"elementor-column elementor-col-100 elementor-top-column elementor-element elementor-element-d91eac7\" data-id=\"d91eac7\" data-element_type=\"column\" data-e-type=\"column\">\n\t\t\t<div class=\"elementor-widget-wrap elementor-element-populated\">\n\t\t\t\t\t\t<div class=\"elementor-element elementor-element-56ad1c7 elementor-widget elementor-widget-heading\" data-id=\"56ad1c7\" data-element_type=\"widget\" data-e-type=\"widget\" data-widget_type=\"heading.default\">\n\t\t\t\t<div class=\"elementor-widget-container\">\n\t\t\t\t\t<h1 class=\"elementor-heading-title elementor-size-default\">Aviso legal<\/h1>\t\t\t\t<\/div>\n\t\t\t\t<\/div>\n\t\t\t\t<div class=\"elementor-element elementor-element-43e9959 elementor-widget elementor-widget-text-editor\" data-id=\"43e9959\" data-element_type=\"widget\" data-e-type=\"widget\" data-widget_type=\"text-editor.default\">\n\t\t\t\t<div class=\"elementor-widget-container\">\n\t\t\t\t\t\t\t\t\t<p>Publicado: 10 de julio de 2024<\/p>\n<h1>Aviso legal y condiciones de uso de Digital-Link.com<\/h1>\n<h2>AVISO LEGAL<\/h2>\n<p>En cumplimiento de la normativa vigente, y por transparencia, ponemos a tu disposici\u00f3n los datos del titular de la p\u00e1gina web y responsable de la misma:<\/p>\n<p>Nombre<\/p>\n<p><strong>Digital-Link, LLC<\/strong><span style=\"font-weight: 400;\"><br><\/span><\/p>\n<p>Direcci\u00f3n<\/p>\n<p><span style=\"font-weight: 400;\">885 3rd Avenue,<\/span><span style=\"font-weight: 400;\">17th Floor, <\/span><span style=\"font-weight: 400;\">New York, NY 10022, US.<\/span><\/p>\n<p>Correo electr\u00f3nico<br><a href=\"mailto:legals@digital-link.com\">legals@digital-link.com<\/a><\/p>\n<h3>ACEPTACI\u00d3N DE LAS CONDICIONES DE USO<\/h3>\n<p>Las presentes condiciones de uso y Aviso Legal, as\u00ed como la &nbsp;<a href=\"https:\/\/digital-link.com\/es\/privacidad\/\" target=\"_blank\">Pol\u00edtica de Privacidad<\/a>&nbsp;de y la &nbsp;<a href=\"https:\/\/digital-link.com\/es\/politica-cookies\/\" target=\"_blank\">Pol\u00edtica de Cookies<\/a> , regulan el acceso y utilizaci\u00f3n del sitio web por tu parte, como usuario del mismo.<\/p>\n<p>El hecho de utilizar la web supone que has le\u00eddo y aceptas esta informaci\u00f3n legal.<br>CONTENIDO DE LA WEB<\/p>\n<p><span style=\"font-weight: 400;\">El sitio web alojado bajo el nombre de dominio www.digital-link.com constituye un sitio web corporativo que ofrece informaci\u00f3n sobre los servicios y productos ofrecidos por Digital-link, LLC, en adelante DIGITAL-LINK, como entidad que te permite registrar f\u00e1cilmente los c\u00f3digos GTIN de tus productos y generar c\u00f3digos QR din\u00e1micos relacionados.<\/span><\/p>\n<p>Gracias a DIGITAL-LINK puedes crear enlaces digitales que dirigir\u00e1n a un c\u00f3digo QR din\u00e1mico vinculado a una URL donde aparecer\u00e1 la informaci\u00f3n de la marca, empresa y producto.<br>Se trata de una clara evoluci\u00f3n del tradicional c\u00f3digo de barras bidimensional.<\/p>\n<h3>USO DE LA WEB<\/h3>\n<p>Como usuario, se compromete a hacer un uso correcto y l\u00edcito de los contenidos y recursos accesibles desde esta web, respetando siempre a los dem\u00e1s usuarios.<\/p>\n<p>Como usuario, renuncia a utilizar cualquier recurso o informaci\u00f3n contenida en esta web con fines o efectos il\u00edcitos, ilegales o contrarios a la buena fe y al orden p\u00fablico, as\u00ed como cualquier medio que pueda da\u00f1ar, inutilizar o impedir el normal uso de los recursos e informaciones contenidos en la web, o los sistemas de informaci\u00f3n, documentos, archivos y toda clase de contenidos almacenados en cualquier equipo inform\u00e1tico de la empresa, de sus miembros o de cualquier otro usuario de la web. Si incumples alguna de estas obligaciones, deber\u00e1s responder de todos los da\u00f1os causados.<\/p>\n<p>DIGITAL-LINK se reserva el derecho a dejar de prestar el servicio para retirar contenidos il\u00edcitos, sin perjuicio de la responsabilidad por da\u00f1os y perjuicios que se pudiera derivar. Dicha suspensi\u00f3n o retirada no dar\u00e1 derecho a indemnizaci\u00f3n alguna.<\/p>\n<h3>CONTENIDOS Y SERVICIOS ENLAZADOS A TRAV\u00c9S DE LA WEB<\/h3>\n<p>Los enlaces o links que contiene este sitio web pueden conducirte a contenidos o sitios web gestionados por terceros, sobre los que no tenemos ninguna responsabilidad, por lo que DIGITAL-LINK no responde ni del estado ni de los contenidos de dichos sitios web ni implica que recomiende o apruebe sus contenidos.<br>En cualquier caso, el acceso a estos sitios web implica que deber\u00e1s someterte a sus propias pol\u00edticas legales, sin responsabilidad alguna por parte de DIGITAL-LINK.<\/p>\n<p>DERECHOS DE PROPIEDAD INTELECTUAL E INDUSTRIAL<\/p>\n<p>Todos los materiales e informaci\u00f3n contenidos en la p\u00e1gina web de DIGITAL-LINK est\u00e1n sujetos a la normativa vigente sobre Propiedad Intelectual y\/o Industrial.<br><span style=\"font-weight: 400;\">Digital-link, LLC es titular de los derechos de propiedad industrial e intelectual de la web, as\u00ed como de los contenidos que alberga.<\/span><br>Por lo tanto, no est\u00e1 permitido el uso de los contenidos de la web para fines distintos de los explicados en los T\u00e9rminos y Condiciones sin la autorizaci\u00f3n expresa y por escrito de la entidad. Cualquier otro uso del sitio web o de sus contenidos debe tener un prop\u00f3sito particular y una autorizaci\u00f3n.<\/p>\n<p>Los elementos tales como logotipos o im\u00e1genes que aparecen en el sitio web, distintos de los de<br>DIGITAL-LINK, pertenecen a sus respectivos propietarios por lo que \u00e9stos ser\u00e1n responsables de cualquier posible controversia que pudiera suscitarse respecto a los mismos.<\/p>\n<p>Si tienes alguna duda sobre la titularidad de alguno de los contenidos o servicios que se ofrecen a trav\u00e9s de la web, no dudes en ponerte en contacto con nosotros para que te ayudemos.<\/p>\n<h3>EXENCI\u00d3N DE RESPONSABILIDAD<\/h3>\n<p>DIGITAL-LINK velar\u00e1, en la medida de sus posibilidades t\u00e9cnicas y humanas, por el correcto funcionamiento de la web, as\u00ed como por la correcci\u00f3n y veracidad de sus contenidos.<\/p>\n<p>No obstante, DIGITAL-LINK no puede garantizar la ausencia de virus ni de otros elementos lesivos, introducidos por terceros, que pudieran causar da\u00f1os o alteraciones en el sistema inform\u00e1tico, en los documentos electr\u00f3nicos o en sus ficheros cuando visites el sitio web como usuario.<\/p>\n<p>Por lo tanto, DIGITAL-LINK no se hace responsable de:<\/p>\n<p>Los da\u00f1os y perjuicios derivados del mal uso de la web o de sus contenidos por parte de los usuarios, o de cualquier actuaci\u00f3n realizada sobre la base de la informaci\u00f3n que en ella aparece.<\/p>\n<p>Los errores u omisiones que pudieran aparecer en los contenidos de la web.<\/p>\n<p>Los da\u00f1os o perjuicios producidos en el software y equipos inform\u00e1ticos de los usuarios o de terceros por el incumplimiento por su parte, como usuario, de las presentes condiciones de uso, o por fallos o desconexiones en las redes de telecomunicaciones que produzcan la suspensi\u00f3n, cancelaci\u00f3n o interrupci\u00f3n del servicio de la web antes o durante la prestaci\u00f3n del mismo.<\/p>\n<p>Es su responsabilidad, como usuario, disponer de las herramientas adecuadas para la detecci\u00f3n y desinfecci\u00f3n de programas inform\u00e1ticos da\u00f1inos.<\/p>\n<h3>ACTUALIZACI\u00d3N DE ESTAS CONDICIONES<\/h3>\n<p>DIGITAL-LINK informa que este aviso legal, el resto de textos legales y, en general, cualquier elemento que forme parte del dise\u00f1o y configuraci\u00f3n de la web, pueden ser modificados cambiando la fecha de actualizaci\u00f3n que aparece en el encabezamiento de la informaci\u00f3n legal.<\/p>\n<p>Los nuevos efectos producidos por la modificaci\u00f3n ser\u00e1n vinculantes una vez sea publicada en la web.<br>Por ello, es importante que aceptes el enlace a las condiciones aplicables a la web en cada momento.<\/p>\n<h3>LEGISLACI\u00d3N Y JURISDICCI\u00d3N APLICABLES<\/h3>\n<p><span style=\"font-weight: 400;\">Este Aviso Legal se regir\u00e1 e interpretar\u00e1 de conformidad con la legislaci\u00f3n del Estado de Delaware, Estados Unidos. Cualquier disputa relacionada con el sitio web de DIGITAL LINK se resolver\u00e1 ante los tribunales del Estado de Delaware, Estados Unidos.<\/span><\/p>\t\t\t\t\t\t\t\t<\/div>\n\t\t\t\t<\/div>\n\t\t\t\t\t<\/div>\n\t\t<\/div>\n\t\t\t\t\t<\/div>\n\t\t<\/section>\n\t\t\t\t<\/div>\n\t\t","protected":false},"excerpt":{"rendered":"<p>Aviso legal Publicado: 10 de julio de 2024 Aviso legal y condiciones de uso de Digital-Link.com AVISO LEGAL En cumplimiento de la normativa vigente, y por transparencia, ponemos a tu disposici\u00f3n los datos del titular de la p\u00e1gina web y responsable de la misma: Nombre Digital-Link, LLC Direcci\u00f3n 885 3rd Avenue,17th Floor, New York, NY [&hellip;]<\/p>\n","protected":false},"author":1,"featured_media":0,"parent":0,"menu_order":0,"comment_status":"closed","ping_status":"closed","template":"","meta":{"footnotes":""},"class_list":["post-4664","page","type-page","status-publish","hentry"],"_links":{"self":[{"href":"https:\/\/digital-link.com\/es\/wp-json\/wp\/v2\/pages\/4664","targetHints":{"allow":["GET"]}}],"collection":[{"href":"https:\/\/digital-link.com\/es\/wp-json\/wp\/v2\/pages"}],"about":[{"href":"https:\/\/digital-link.com\/es\/wp-json\/wp\/v2\/types\/page"}],"author":[{"embeddable":true,"href":"https:\/\/digital-link.com\/es\/wp-json\/wp\/v2\/users\/1"}],"replies":[{"embeddable":true,"href":"https:\/\/digital-link.com\/es\/wp-json\/wp\/v2\/comments?post=4664"}],"version-history":[{"count":4,"href":"https:\/\/digital-link.com\/es\/wp-json\/wp\/v2\/pages\/4664\/revisions"}],"predecessor-version":[{"id":14758,"href":"https:\/\/digital-link.com\/es\/wp-json\/wp\/v2\/pages\/4664\/revisions\/14758"}],"wp:attachment":[{"href":"https:\/\/digital-link.com\/es\/wp-json\/wp\/v2\/media?parent=4664"}],"curies":[{"name":"wp","href":"https:\/\/api.w.org\/{rel}","templated":true}]}}