{"id":4875,"date":"2023-08-15T17:10:58","date_gmt":"2023-08-15T15:10:58","guid":{"rendered":"https:\/\/digital-link.com\/gs1-digital-link-2\/"},"modified":"2024-09-24T20:45:49","modified_gmt":"2024-09-24T18:45:49","slug":"gs1-digital-link","status":"publish","type":"page","link":"https:\/\/digital-link.com\/es\/gs1-digital-link\/","title":{"rendered":"GS1 digital link: Comprende la norma"},"content":{"rendered":"\n<h2 class=\"wp-block-heading\">\u00bfQu\u00e9 es GS1 Digital Link y por qu\u00e9 es importante?<\/h2>\n\n<p>El GS1 digital link (tambi\u00e9n conocido como c\u00f3digo de barras 2D) es un est\u00e1ndar innovador que conecta productos f\u00edsicos con experiencias y contenidos digitales din\u00e1micos. La codificaci\u00f3n de URL web en c\u00f3digos de barras y c\u00f3digos QR cierra la brecha entre el mundo offline y el online. <\/p>\n\n<p>Esta nueva iniciativa crea un portal entre el producto f\u00edsico y las experiencias de marca en l\u00ednea, fuentes de informaci\u00f3n, aplicaciones y m\u00e1s. Al escanear un solo c\u00f3digo de barras en el empaque de un producto, se puede acceder instant\u00e1neamente a contenido digital personalizado para usuarios espec\u00edficos con GS1 Digital Link. <\/p>\n\n<figure class=\"wp-block-image size-large\"><img fetchpriority=\"high\" decoding=\"async\" width=\"1024\" height=\"619\" src=\"https:\/\/digital-link.com\/wp-content\/uploads\/2023\/08\/connecting-physical-products-to-dynamic-digital-content-1024x619.png\" alt=\"Qu&#xE9; es GS1 Digital Link\" class=\"wp-image-4777\" title=\"\" srcset=\"https:\/\/digital-link.com\/wp-content\/uploads\/2023\/08\/connecting-physical-products-to-dynamic-digital-content-1024x619.png 1024w, https:\/\/digital-link.com\/wp-content\/uploads\/2023\/08\/connecting-physical-products-to-dynamic-digital-content-300x181.png 300w, https:\/\/digital-link.com\/wp-content\/uploads\/2023\/08\/connecting-physical-products-to-dynamic-digital-content-768x464.png 768w, https:\/\/digital-link.com\/wp-content\/uploads\/2023\/08\/connecting-physical-products-to-dynamic-digital-content.png 1456w\" sizes=\"(max-width: 1024px) 100vw, 1024px\" \/><\/figure>\n\n<p>La norma GS1 Digital Link permite, entre otras, las siguientes funciones:<\/p>\n\n<ul class=\"wp-block-list\">\n<li><strong>Flexibilidad omnicanal &#8211;<\/strong> los mismos c\u00f3digos pueden vincularse a diferentes experiencias optimizadas para el contexto, como en el punto de venta frente al comercio electr\u00f3nico.<\/li>\n\n\n\n<li><strong>Mayor trazabilidad &#8211;<\/strong> los productos pueden identificarse digitalmente y rastrearse a lo largo de la cadena de suministro hasta el nivel de art\u00edculo.<\/li>\n\n\n\n<li><strong>Transparencia &#8211;<\/strong> f\u00e1cil acceso a informaci\u00f3n detallada sobre la demanda, como ingredientes, abastecimiento y fabricaci\u00f3n.<\/li>\n\n\n\n<li><strong>Cumplimiento sin fisuras &#8211;<\/strong> los datos requeridos, como las fechas de caducidad y la informaci\u00f3n nutricional, pueden compartirse digitalmente a trav\u00e9s de los c\u00f3digos.<\/li>\n\n\n\n<li><strong>Experiencia del consumidor &#8211;<\/strong> el escaneado de c\u00f3digos genera oportunidades de promociones, rese\u00f1as, programas de fidelidad a la marca y mucho m\u00e1s.<\/li>\n\n\n\n<li><strong>Experiencias de producto ampliadas &#8211;<\/strong> ofrece contenidos adicionales as\u00ed como demostraciones, v\u00eddeos explicativos y recetas.<\/li>\n\n\n\n<li><strong>Informaci\u00f3n empresarial mejorada &#8211;<\/strong> obt\u00e9n datos adicionales sobre el uso del producto y an\u00e1lisis del ciclo de vida.<\/li>\n<\/ul>\n\n<p><br\/><a href=\"https:\/\/digital-link.com\/es\/guias\/gs1-digital-link-ejemplos-casos-uso\/\">GS1 digital link<\/a> ofrece una forma estandarizada de dotar a cada producto de una <strong>identidad digital \u00fanica.<\/strong> Esto sienta las bases de un entorno de Internet de los objetos en el que los productos inteligentes se convierten en la norma.<\/p>\n\n<p>Las implicaciones para los productos envasados, el comercio minorista, la atenci\u00f3n m\u00e9dica y otras industrias son enormes. El GS1 digital link o los c\u00f3digos de barras 2D permiten comercializar, gestionar, rastrear y analizar productos de nuevas maneras. <\/p>\n\n<p>GS1 US desempe\u00f1a un papel fundamental en la adopci\u00f3n del est\u00e1ndar GS1 Digital Link en diversas industrias de los Estados Unidos. Al utilizar GS1 Digital Link, GS1 US permite a los socios comerciales mejorar la trazabilidad de los productos y la participaci\u00f3n de los consumidores a trav\u00e9s de tecnolog\u00edas digitales innovadoras. GS1 US garantiza que las empresas y sus socios comerciales puedan integrar sin problemas el uso de GS1 Digital Link en sus cadenas de suministro, mejorando la eficiencia y la transparencia en el intercambio de informaci\u00f3n sobre los productos.  <\/p>\n\n<h2 class=\"wp-block-heading\">\u00bfC\u00f3mo funciona la tecnolog\u00eda GS1 Digital Link?<\/h2>\n\n<p>Un GS1 digital link es un c\u00f3digo de barras combinado con direcciones web. Para que esta <a href=\"https:\/\/digital-link.com\/es\/guias\/gs1-digital-link-tecnologia\/\" data-type=\"post\" data-id=\"4961\">tecnolog\u00eda simple pero incre\u00edblemente poderosa<\/a> funcione, es fundamental comprender c\u00f3mo debe construirse el enlace y c\u00f3mo se recuperan y distribuyen su informaci\u00f3n y contenido. <\/p>\n\n<h3 class=\"wp-block-heading\">Estructura URI<\/h3>\n\n<p>Un <a href=\"\/?p=2004\" data-type=\"post\" data-id=\"2004\" data-schema-attribute=\"about\">URI de GS1 digital link <\/a> es una direcci\u00f3n web formateada para contener el identificador GS1 \u00fanico de un producto (como un n\u00famero GTIN). La estructura URI conecta objetos f\u00edsicos con identidades digitales en l\u00ednea.<br\/><strong>Por ejemplo:<\/strong><br\/>https:\/\/brand.com\/01\/01234567890123<\/p>\n\n<p><br\/>La sintaxis URI sigue una estructura normalizada definida en las especificaciones de GS1 digital link:<\/p>\n\n<ul class=\"wp-block-list\">\n<li><strong>Dominio<\/strong> &#8211; Dominio web propiedad de la marca o empresa.<\/li>\n\n\n\n<li><strong>Clave de identificaci\u00f3n primaria &#8211;<\/strong> un identificador de aplicaci\u00f3n GS1 (AI) que indica el tipo de identificador utilizado, como GTIN-13, GTIN-14, SSCC, etc.<\/li>\n\n\n\n<li><strong>Identificador<\/strong> &#8211; El n\u00famero de identificaci\u00f3n real del producto basado en la clave AI. Por ejemplo, el UPC de 12 d\u00edgitos. <\/li>\n\n\n\n<li><strong>Calificadores<\/strong> &#8211; Identificadores adicionales opcionales como n\u00famero de lote, n\u00famero de serie, etc.<\/li>\n\n\n\n<li><strong>Atributos<\/strong> &#8211; Datos opcionales como peso, dimensiones y fechas de caducidad.<\/li>\n<\/ul>\n\n<p><br\/>Una vez codificado y escaneado, el URI permite buscar la identidad digital del producto y la informaci\u00f3n asociada.<\/p>\n\n<h3 class=\"wp-block-heading\">Resolutores<\/h3>\n\n<p>Se necesita un servidor llamado <a href=\"https:\/\/digital-link.com\/es\/guias\/gs1-digital-link-resolver\/\">resolver de GS1 digital links<\/a> para traducir un GS1 digital link o un URI de c\u00f3digo de barras 2D en datos de producto significativos. Los servicios de resoluci\u00f3n tienden un puente entre el mundo f\u00edsico y el digital.<br\/>Cuando se escanea un GS1 digital link, el resolver recibe el URI y busca la identidad del producto bas\u00e1ndose en el identificador contenido en la estructura del URI.<br\/>Los resolver realizan varias funciones vitales: <\/p>\n\n<ul class=\"wp-block-list\">\n<li>Obtenci\u00f3n de <strong>contenidos digitales asociados<\/strong>: informaci\u00f3n sobre productos, atributos, medios, experiencias web, etc.<\/li>\n\n\n\n<li>Comprobaci\u00f3n de la <strong>validez de los identificadores de producto<\/strong> &#8211; Confirmaci\u00f3n de que el GTIN o SKU est\u00e1 registrado oficialmente.<\/li>\n\n\n\n<li>Redireccionamiento<strong> basado en el contexto<\/strong>: redireccionamiento a diferentes experiencias en funci\u00f3n de qui\u00e9n, d\u00f3nde y c\u00f3mo se escanea el c\u00f3digo.<\/li>\n<\/ul>\n\n<p><br\/>Por ejemplo, el resolver puede devolver informaci\u00f3n sobre precios e inventario cuando se escanea durante el pago en un minorista, frente a ofrecer un v\u00eddeo del producto cuando lo escanea el smartphone del consumidor.<\/p>\n\n<h3 class=\"wp-block-heading\">Portadores de datos<\/h3>\n\n<p>Para adjuntar <a href=\"https:\/\/digital-link.com\/es\/\" data-type=\"page\" data-id=\"220\">GS1 digital link<\/a> a productos f\u00edsicos, el URI debe codificarse en <a href=\"\/?p=2004\" data-type=\"post\" data-id=\"2004\" data-schema-attribute=\"about\">soportes de datos \u00f3pticos<\/a> como un c\u00f3digo QR o Data Matrix, que pueden imprimirse en el envase.<br\/>Los c\u00f3digos QR son una opci\u00f3n obvia en este caso, sobre todo desde que la evoluci\u00f3n de las impresoras profesionales de alta definici\u00f3n ha permitido reducir el tama\u00f1o m\u00ednimo de los c\u00f3digos QR a 5 mm, manteni\u00e9ndolos legibles para los dispositivos.<\/p>\n\n<figure class=\"wp-block-image size-large\"><img decoding=\"async\" width=\"1024\" height=\"619\" src=\"https:\/\/digital-link.com\/wp-content\/uploads\/2023\/08\/Data-carriers-1024x619.png\" alt=\"Portadores de datos\" class=\"wp-image-4773\" title=\"\" srcset=\"https:\/\/digital-link.com\/wp-content\/uploads\/2023\/08\/Data-carriers-1024x619.png 1024w, https:\/\/digital-link.com\/wp-content\/uploads\/2023\/08\/Data-carriers-300x181.png 300w, https:\/\/digital-link.com\/wp-content\/uploads\/2023\/08\/Data-carriers-768x464.png 768w, https:\/\/digital-link.com\/wp-content\/uploads\/2023\/08\/Data-carriers.png 1456w\" sizes=\"(max-width: 1024px) 100vw, 1024px\" \/><\/figure>\n\n<h2 class=\"wp-block-heading\">\u00bfPor qu\u00e9 implantar el GS1 digital link?<\/h2>\n\n<h3 class=\"wp-block-heading\">Flexibilidad omnicanal<\/h3>\n\n<p>El est\u00e1ndar de GS1 digital link permite experiencias de consumo sin fisuras en todos los puntos de contacto f\u00edsicos y digitales.<br\/>La flexibilidad del est\u00e1ndar significa que un \u00fanico c\u00f3digo QR puede adaptarse y resolverse a varios destinos en funci\u00f3n del contexto.<\/p>\n\n<p><br\/>Por ejemplo, el c\u00f3digo puede enlazar con diferentes recursos en funci\u00f3n del pa\u00eds donde se escanee, la hora del d\u00eda en que se escanee u otras variables como si se escanea dentro de un punto de venta, el tipo de dispositivo utilizado o el tiempo que haga.Esta capacidad consciente del contexto proporciona coherencia a los consumidores en las tiendas f\u00edsicas, los sitios de comercio electr\u00f3nico, las aplicaciones m\u00f3viles, el socio comercial, la tienda de comestibles, el punto de venta, etc.<\/p>\n\n<h3 class=\"wp-block-heading\">Visibilidad de la cadena de suministros<\/h3>\n\n<p>La visibilidad en tiempo real y la conectividad que permite el GS1 digital link o el c\u00f3digo de barras 2D mejoran <a href=\"\/?p=2004\" data-type=\"post\" data-id=\"2004\">la eficacia de las operaciones de la cadena de suministro<\/a> del comercio mundial.<br\/>Los fabricantes pueden obtener informaci\u00f3n sobre las materias primas y los componentes utilizados, los actores del sector minorista pueden hacer un seguimiento del inventario en todas las ubicaciones, y los proveedores log\u00edsticos y los socios comerciales pueden localizar los env\u00edos en tiempo real.<br\/>Esta visibilidad sin precedentes a nivel de producto individual mejora la trazabilidad, reduce los errores manuales, acelera las retiradas y permite tomar decisiones basadas en datos para optimizar la productividad de la cadena de suministro.<\/p>\n\n<figure class=\"wp-block-image size-large\"><img decoding=\"async\" width=\"1024\" height=\"619\" src=\"https:\/\/digital-link.com\/wp-content\/uploads\/2023\/08\/Supply-chain-operations-1024x619.png\" alt=\"\" class=\"wp-image-4775\" title=\"\" srcset=\"https:\/\/digital-link.com\/wp-content\/uploads\/2023\/08\/Supply-chain-operations-1024x619.png 1024w, https:\/\/digital-link.com\/wp-content\/uploads\/2023\/08\/Supply-chain-operations-300x181.png 300w, https:\/\/digital-link.com\/wp-content\/uploads\/2023\/08\/Supply-chain-operations-768x464.png 768w, https:\/\/digital-link.com\/wp-content\/uploads\/2023\/08\/Supply-chain-operations.png 1456w\" sizes=\"(max-width: 1024px) 100vw, 1024px\" \/><\/figure>\n\n<h3 class=\"wp-block-heading\">Compromiso del comprador<\/h3>\n\n<p>Los datos de producto bajo demanda permiten al propietario de una marca <strong>interactuar directamente con los clientes<\/strong> y ofrecer transparencia sobre los productos.<br\/>Los consumidores desean cada vez m\u00e1s conocer detalles como el lugar de fabricaci\u00f3n de un art\u00edculo, su fecha de caducidad, ingredientes, informaci\u00f3n sobre al\u00e9rgenos, credenciales de sostenibilidad, etc.<br\/>El est\u00e1ndar de GS1 digital link crea una forma de acceder instant\u00e1neamente a estos datos de producto desde el envase a trav\u00e9s de dispositivos m\u00f3viles.<\/p>\n\n<h3 class=\"wp-block-heading\">Cumplimiento de la normativa<\/h3>\n\n<p>Compartir digitalmente los datos requeridos, las certificaciones y los ingredientes <strong>simplifica el cumplimiento<\/strong>.<br\/>Las normativas exigen m\u00e1s transparencia de los productos, especialmente en los sectores de la alimentaci\u00f3n y las bebidas y la sanidad; por ejemplo, los requisitos de etiquetado nutricional de la FDA en EE.UU. o las normativas de la UE que exigen Pasaportes Digitales de Producto.<\/p>\n\n<p><br\/>Al centralizar digitalmente los activos de cumplimiento exigidos, como documentaci\u00f3n, certificaciones e ingredientes, mediante un GS1 digital link o un c\u00f3digo de barras 2D, el propietario de una marca puede cumplir m\u00e1s eficazmente las obligaciones normativas.<\/p>\n\n<h3 class=\"wp-block-heading\">Preparado para el futuro<\/h3>\n\n<p>El est\u00e1ndar GS1 Digital Link, tambi\u00e9n conocido como c\u00f3digo de barras 2D, es esencial para el futuro de los productos IoT y el cumplimiento de las normas de seguimiento y rastreo. Con una fecha l\u00edmite de 2027 para la transici\u00f3n de c\u00f3digos de barras lineales a 2D, conocida como Sunrise 2027, existe una urgencia para que las marcas adopten esta tecnolog\u00eda ahora para mantenerse competitivas y cumplir con las normas. Comenzar la implementaci\u00f3n hoy ayuda a las marcas a preparar sus operaciones para el futuro y garantizar que cumplan con los est\u00e1ndares futuros.  <\/p>\n\n<h2 class=\"wp-block-heading\">Aplicaciones y casos de uso de GS1 Digital Link<\/h2>\n\n<p>El GS1 digital link o los c\u00f3digos de barras 2D abren nuevas oportunidades para las empresas de venta minorista, bienes de consumo envasados, fabricaci\u00f3n, atenci\u00f3n m\u00e9dica, log\u00edstica y tecnolog\u00eda. Proporcionan una forma estandarizada de conectar objetos f\u00edsicos con experiencias e informaci\u00f3n digitales. <\/p>\n\n<p>Los casos de uso abarcan desde la mejora del compromiso del comprador, la optimizaci\u00f3n de las operaciones de la cadena de suministros, la simplificaci\u00f3n del cumplimiento de las normativas y mucho m\u00e1s.<\/p>\n\n<h3 class=\"wp-block-heading\">Compromiso del comprador<\/h3>\n\n<p>Para los responsables de marketing de las marcas, GS1 Digital Link crea una experiencia perfecta en envases, anuncios digitales, sitios web y aplicaciones.<\/p>\n\n<p>Los c\u00f3digos escaneables convierten los productos en puntos de lanzamiento de experiencias de consumo m\u00e1s amplias.<br\/>Entre las aplicaciones espec\u00edficas se incluyen:<\/p>\n\n<ul class=\"wp-block-list\">\n<li><strong>Educaci\u00f3n sobre productos<\/strong> &#8211; Comparta v\u00eddeos sobre ingredientes, sostenibilidad, proceso de fabricaci\u00f3n, etc.<\/li>\n\n\n\n<li><strong>Asistencia al consumidor &#8211;<\/strong> instrucciones de autoayuda, preguntas frecuentes, chatbots<\/li>\n\n\n\n<li><strong>Hub digital<\/strong> &#8211; Enlace a contenidos en l\u00ednea como recetas, tutoriales y consejos y trucos.<\/li>\n\n\n\n<li><strong>Compartir en redes sociales &#8211;<\/strong> anima a compartir opiniones, fotos y experiencias.<\/li>\n\n\n\n<li><strong>Programas de fidelizaci\u00f3n de marcas &#8211;<\/strong> portales de afiliaci\u00f3n directa y ofertas exclusivas<\/li>\n\n\n\n<li><strong>Cupones\/promociones<\/strong> &#8211; Ofrece ofertas especiales, participaciones en sorteos, rebajas<\/li>\n\n\n\n<li><strong>Adopci\u00f3n de aplicaciones &#8211;<\/strong> descarga e integraci\u00f3n r\u00e1pidas de las aplicaciones de la marca.<\/li>\n<\/ul>\n\n<p><\/p>\n\n<figure class=\"wp-block-image size-large\"><img loading=\"lazy\" decoding=\"async\" width=\"1024\" height=\"619\" src=\"https:\/\/digital-link.com\/wp-content\/uploads\/2023\/08\/smiling-woman-scanning-qr-code-on-a-product-while-2023-02-02-20-31-15-utc-1-1024x619.png\" alt=\"\" class=\"wp-image-4787\" title=\"\" srcset=\"https:\/\/digital-link.com\/wp-content\/uploads\/2023\/08\/smiling-woman-scanning-qr-code-on-a-product-while-2023-02-02-20-31-15-utc-1-1024x619.png 1024w, https:\/\/digital-link.com\/wp-content\/uploads\/2023\/08\/smiling-woman-scanning-qr-code-on-a-product-while-2023-02-02-20-31-15-utc-1-300x181.png 300w, https:\/\/digital-link.com\/wp-content\/uploads\/2023\/08\/smiling-woman-scanning-qr-code-on-a-product-while-2023-02-02-20-31-15-utc-1-768x464.png 768w, https:\/\/digital-link.com\/wp-content\/uploads\/2023\/08\/smiling-woman-scanning-qr-code-on-a-product-while-2023-02-02-20-31-15-utc-1.png 1456w\" sizes=\"(max-width: 1024px) 100vw, 1024px\" \/><\/figure>\n\n<h3 class=\"wp-block-heading\">Operaciones de la cadena de suministros<\/h3>\n\n<p>El GS1 digital link mejora la trazabilidad log\u00edstica, la eficacia operativa y la toma de decisiones para las funciones de la cadena de suministro.<br\/>Los casos de uso cr\u00edticos incluyen:<\/p>\n\n<ul class=\"wp-block-list\">\n<li><strong>Gesti\u00f3n de inventario &#8211;<\/strong> accede al inventario en tiempo real en toda una red de centros<\/li>\n\n\n\n<li><strong>Cumplimentaci\u00f3n de pedidos<\/strong> &#8211; Recogida\/embalaje de pedidos escaneando los art\u00edculos en lugar de introducirlos manualmente<\/li>\n\n\n\n<li><strong>Env\u00edo\/log\u00edstica<\/strong> &#8211; Seguimiento de la ubicaci\u00f3n y el estado de cada art\u00edculo durante el tr\u00e1nsito<\/li>\n\n\n\n<li><strong>Gesti\u00f3n de retiradas de productos &#8211;<\/strong> identifica r\u00e1pidamente los productos afectados, hasta los lotes o n\u00fameros de serie exactos.<\/li>\n\n\n\n<li><strong>Reaprovisionamiento<\/strong> &#8211; Automatiza los pedidos y los flujos de trabajo en funci\u00f3n de las alertas de falta de existencias<\/li>\n\n\n\n<li><strong>Devoluciones<\/strong> &#8211; Escanea los productos para obtener la informaci\u00f3n asociada al pedido<\/li>\n\n\n\n<li><strong>Control de calidad<\/strong> &#8211; Se\u00f1ala los productos probados y producidos durante periodos espec\u00edficos<\/li>\n<\/ul>\n\n<h3 class=\"wp-block-heading\">Cumplimiento de la normativa<\/h3>\n\n<p>El GS1 digital link o el c\u00f3digo de barras 2D simplifican el intercambio de informaci\u00f3n necesaria sobre el producto, como ingredientes, caducidad y credenciales de sostenibilidad.<br\/>Las aplicaciones incluyen:<\/p>\n\n<ul class=\"wp-block-list\">\n<li><strong>Declaraciones de ingredientes<\/strong> &#8211; Proporcionan al consumidor informaci\u00f3n sobre al\u00e9rgenos, datos nutricionales, etc.<\/li>\n\n\n\n<li><strong>Certificaciones &#8211;<\/strong> comparte las credenciales de abastecimiento ecol\u00f3gico, comercio justo y otras credenciales \u00e9ticas.<\/li>\n\n\n\n<li><strong>Informaci\u00f3n del fabricante<\/strong> &#8211; Enlaza a informaci\u00f3n detallada sobre pruebas, control de calidad e instalaciones<\/li>\n\n\n\n<li><strong>Fechas de caducidad<\/strong> &#8211; Gestiona los plazos de utilizaci\u00f3n y la frescura<\/li>\n\n\n\n<li><strong>M\u00e9tricas medioambientales &#8211;<\/strong> proporciona a los consumidores datos sobre la huella de carbono, el consumo de energ\u00eda y el impacto de la sostenibilidad.<\/li>\n\n\n\n<li><strong>Registros digitales de lotes<\/strong> &#8211; Digitaliza los procesos y protocolos de producci\u00f3n<\/li>\n<\/ul>\n\n<p><br\/>Las <a href=\"https:\/\/digital-link.com\/es\/guias\/digital-link-cadena-de-suministro\/\" data-type=\"post\" data-id=\"4331\" data-schema-attribute=\"about\">aplicaciones del GS1 digital link <\/a> van mucho m\u00e1s all\u00e1 de esta lista, pero proporcionan una instant\u00e1nea de las diversas posibilidades en todos los sectores.<\/p>\n\n<h2 class=\"wp-block-heading\">Empieza con GS1 digital link<\/h2>\n\n<p>Las marcas que deseen implantar GS1 Digital Link deben seguir una serie de pasos clave para que su programa tenga \u00e9xito.<\/p>\n\n<h3 class=\"wp-block-heading\">Selecciona el soporte de datos<\/h3>\n\n<p>Un aspecto importante que hay que tener en cuenta es elegir qu\u00e9 soporte de datos codificar\u00e1 el GS1 digital link o los c\u00f3digos de barras 2D. Esto es lo que se imprime y se aplica a los productos f\u00edsicos.<br\/>La opci\u00f3n m\u00e1s popular para la interacci\u00f3n con el consumidor son los c\u00f3digos QR, que se pueden escanear f\u00e1cilmente desde el envase mediante tel\u00e9fonos inteligentes. <\/p>\n\n<h3 class=\"wp-block-heading\">Construir URI de digital links<\/h3>\n\n<p>Una vez determinado el soporte de datos, es momento de construir los URI de GS1 digital link reales. Aqu\u00ed es donde entran en juego los est\u00e1ndares GS1.<br\/>Los URI deben seguir <a href=\"\/?p=2004\" data-type=\"post\" data-id=\"2004\">la sintaxis y la estructura adecuadas<\/a> descritas en la especificaci\u00f3n del GS1 digital link o del c\u00f3digo de barras 2D. Esto incluye el dominio, el tipo de identificador, los valores GTIN, los calificadores como los n\u00fameros de serie y de lote, y los atributos como la fecha de vencimiento y la cantidad.  <\/p>\n\n<p>Los GS1 digital links generados en nuestra plataforma se <strong>validan autom\u00e1ticamente<\/strong> para garantizar que los URI tienen el formato correcto.<\/p>\n\n<h3 class=\"wp-block-heading\">Establecer el resolutor<\/h3>\n\n<p>Otro componente cr\u00edtico es el despliegue del servicio de resoluci\u00f3n para procesar los GS1 digital links.<br\/>Cuando se escanean los c\u00f3digos, el servicio de resoluci\u00f3n recibe los URI y <strong>los convierte en respuestas relevantes<\/strong>. Esto incluye obtener los datos asociados y dirigir a los usuarios a los puntos finales adecuados.El servicio proporcionado por <a href=\"https:\/\/digital-link.com\/es\/\" data-type=\"page\" data-id=\"220\">digital-link.com<\/a> incluye <a href=\"\/?p=2004\" data-type=\"post\" data-id=\"2004\">capacidades de resoluci\u00f3n<\/a> que, de otro modo, requerir\u00edan un esfuerzo y una inversi\u00f3n considerables para establecerse. <\/p>\n\n<h3 class=\"wp-block-heading\">Conectar experiencias<\/h3>\n\n<p>La etapa final consiste en conectar el GS1 digital link o los c\u00f3digos de barras 2D a las experiencias de fidelizaci\u00f3n de marca en l\u00ednea, el contenido, las fuentes de informaci\u00f3n, las aplicaciones y las herramientas a las que desea que las personas accedan escaneando los productos. Esto incluye la configuraci\u00f3n de <strong>p\u00e1ginas de productos<\/strong>, portales, videos, promociones y m\u00e1s.<br\/>Afortunadamente, <a href=\"https:\/\/digital-link.com\/es\/\" data-type=\"page\" data-id=\"220\">digital-link.com<\/a> crea autom\u00e1ticamente para usted un GS1 digital link, una p\u00e1gina de producto inteligente y un c\u00f3digo QR din\u00e1mico <a href=\"https:\/\/digital-link.com\/es\/\" data-type=\"page\" data-id=\"220\">con un GTIN de producto simple<\/a>. <\/p>\n\n<figure class=\"wp-block-image size-large\"><img loading=\"lazy\" decoding=\"async\" width=\"1024\" height=\"620\" src=\"https:\/\/digital-link.com\/wp-content\/uploads\/2023\/08\/Imagen-acompanamiento-2-1024x620.jpg\" alt=\"\" class=\"wp-image-4783\" title=\"\" srcset=\"https:\/\/digital-link.com\/wp-content\/uploads\/2023\/08\/Imagen-acompanamiento-2-1024x620.jpg 1024w, https:\/\/digital-link.com\/wp-content\/uploads\/2023\/08\/Imagen-acompanamiento-2-300x182.jpg 300w, https:\/\/digital-link.com\/wp-content\/uploads\/2023\/08\/Imagen-acompanamiento-2-768x465.jpg 768w, https:\/\/digital-link.com\/wp-content\/uploads\/2023\/08\/Imagen-acompanamiento-2.jpg 1456w\" sizes=\"(max-width: 1024px) 100vw, 1024px\" \/><\/figure>\n\n<h2 class=\"wp-block-heading\">Conclusi\u00f3n<\/h2>\n\n<p>GS1 Digital Link est\u00e1 revolucionando el comercio mundial al conectar productos f\u00edsicos y digitales, lo que exige el cumplimiento de normas y tecnolog\u00edas espec\u00edficas. <a href=\"http:\/\/Digital-link.com\" data-type=\"link\" data-id=\"Digital-link.com\" rel=\"noopener\">Digital-link.com<\/a> ofrece una soluci\u00f3n SaaS para ayudar a las marcas a generar r\u00e1pidamente <a href=\"https:\/\/www.gs1es.org\/estandares-gs1-identificar\/gs1-digital-link\/\" rel=\"noopener\">GS1 digital links<\/a>, digitalizar sus productos y medir el rendimiento mediante an\u00e1lisis detallados. Para empezar, ponte en contacto con sus expertos en <a href=\"mailto:info@digital-link.com\">info@digital-link.com<\/a> o utiliza su chat en directo.<\/p>\n","protected":false},"excerpt":{"rendered":"<p>\u00bfQu\u00e9 es GS1 Digital Link y por qu\u00e9 es importante? El GS1 digital link (tambi\u00e9n conocido como c\u00f3digo de barras 2D) es un est\u00e1ndar innovador que conecta productos f\u00edsicos con experiencias y contenidos digitales din\u00e1micos. La codificaci\u00f3n de URL web en c\u00f3digos de barras y c\u00f3digos QR cierra la brecha entre el mundo offline y [&hellip;]<\/p>\n","protected":false},"author":10,"featured_media":4761,"parent":0,"menu_order":0,"comment_status":"closed","ping_status":"closed","template":"","meta":{"footnotes":""},"class_list":["post-4875","page","type-page","status-publish","has-post-thumbnail","hentry"],"_links":{"self":[{"href":"https:\/\/digital-link.com\/es\/wp-json\/wp\/v2\/pages\/4875","targetHints":{"allow":["GET"]}}],"collection":[{"href":"https:\/\/digital-link.com\/es\/wp-json\/wp\/v2\/pages"}],"about":[{"href":"https:\/\/digital-link.com\/es\/wp-json\/wp\/v2\/types\/page"}],"author":[{"embeddable":true,"href":"https:\/\/digital-link.com\/es\/wp-json\/wp\/v2\/users\/10"}],"replies":[{"embeddable":true,"href":"https:\/\/digital-link.com\/es\/wp-json\/wp\/v2\/comments?post=4875"}],"version-history":[{"count":15,"href":"https:\/\/digital-link.com\/es\/wp-json\/wp\/v2\/pages\/4875\/revisions"}],"predecessor-version":[{"id":7883,"href":"https:\/\/digital-link.com\/es\/wp-json\/wp\/v2\/pages\/4875\/revisions\/7883"}],"wp:featuredmedia":[{"embeddable":true,"href":"https:\/\/digital-link.com\/es\/wp-json\/wp\/v2\/media\/4761"}],"wp:attachment":[{"href":"https:\/\/digital-link.com\/es\/wp-json\/wp\/v2\/media?parent=4875"}],"curies":[{"name":"wp","href":"https:\/\/api.w.org\/{rel}","templated":true}]}}