{"id":7603,"date":"2023-08-15T17:10:58","date_gmt":"2023-08-15T15:10:58","guid":{"rendered":"https:\/\/digital-link.com\/gs1-collegamento-digitale\/"},"modified":"2024-09-06T14:05:20","modified_gmt":"2024-09-06T12:05:20","slug":"gs1-collegamento-digitale","status":"publish","type":"page","link":"https:\/\/digital-link.com\/it\/gs1-collegamento-digitale\/","title":{"rendered":"GS1 digital link"},"content":{"rendered":"\n<h2 class=\"wp-block-heading\">Cos&#8217;\u00e8 il digital link GS1 e perch\u00e9 \u00e8 importante?<\/h2>\n\n<p>GS1 digital link (noto anche come codice a barre 2D) \u00e8 uno standard innovativo che collega i prodotti fisici a contenuti ed esperienze digitali dinamiche.\nLa codifica degli URI web nei codici a barre e nei codici QR colma il divario tra offline e online. <\/p>\n\n<p>Questa nuova iniziativa crea un portale tra il prodotto fisico e le esperienze online del marchio, le fonti di informazione, le app e altro ancora.\nLa scansione di un singolo codice a barre sulla confezione di un prodotto pu\u00f2 sbloccare istantaneamente l&#8217;accesso a contenuti digitali personalizzati per l&#8217;utente specifico con GS1 Digital Link. <\/p>\n\n<figure class=\"wp-block-image size-large\"><img fetchpriority=\"high\" decoding=\"async\" width=\"1024\" height=\"619\" src=\"https:\/\/digital-link.com\/wp-content\/uploads\/2023\/08\/connecting-physical-products-to-dynamic-digital-content-1024x619.png\" alt=\"Cos&#039;&#xE8; il GS1 Digital Link\" class=\"wp-image-4777\" title=\"\" srcset=\"https:\/\/digital-link.com\/wp-content\/uploads\/2023\/08\/connecting-physical-products-to-dynamic-digital-content-1024x619.png 1024w, https:\/\/digital-link.com\/wp-content\/uploads\/2023\/08\/connecting-physical-products-to-dynamic-digital-content-300x181.png 300w, https:\/\/digital-link.com\/wp-content\/uploads\/2023\/08\/connecting-physical-products-to-dynamic-digital-content-768x464.png 768w, https:\/\/digital-link.com\/wp-content\/uploads\/2023\/08\/connecting-physical-products-to-dynamic-digital-content.png 1456w\" sizes=\"(max-width: 1024px) 100vw, 1024px\" \/><\/figure>\n\n<p>Alcune delle funzionalit\u00e0 sbloccate dallo standard GS1 digital link includono:<\/p>\n\n<ul class=\"wp-block-list\">\n<li><strong>Flessibilit\u00e0 omnichannel<\/strong> &#8211; gli stessi codici possono essere collegati a esperienze diverse ottimizzate per il contesto, come ad esempio nel punto vendita o nell&#8217;e-commerce.<\/li>\n\n\n\n<li><strong>Maggiore tracciabilit\u00e0<\/strong>: i prodotti possono essere identificati digitalmente e tracciati lungo tutta la catena di fornitura fino al livello dell&#8217;articolo.<\/li>\n\n\n\n<li><strong>Trasparenza<\/strong>: facile accesso a informazioni dettagliate sulla domanda, come ingredienti, approvvigionamento e produzione.<\/li>\n\n\n\n<li><strong>Conformit\u00e0 senza soluzione di continuit\u00e0<\/strong>: i dati richiesti, come le date di scadenza e i dati nutrizionali, possono essere condivisi digitalmente tramite i codici.<\/li>\n\n\n\n<li><strong>Esperienza del consumatore<\/strong> &#8211; la scansione dei codici crea opportunit\u00e0 per promozioni, recensioni, programmi di fidelizzazione e altro ancora.<\/li>\n\n\n\n<li><strong>Esperienze di prodotto estese<\/strong>: fornisci contenuti aggiuntivi come demo, video di istruzioni e ricette.<\/li>\n\n\n\n<li><strong>Migliori approfondimenti aziendali<\/strong>: ottieni dati aggiuntivi sull&#8217;utilizzo dei prodotti e sull&#8217;analisi del ciclo di vita.<\/li>\n<\/ul>\n\n<p><br\/>Il <a href=\"https:\/\/digital-link.com\/guides\/gs1-digital-link-examples-use-cases\/\">digital link GS1<\/a> offre un modo standardizzato per dare a ogni prodotto un&#8217;<strong>identit\u00e0 digitale unica<\/strong>.\nQuesto pone le basi per un ambiente di Internet of Things in cui i prodotti intelligenti diventano la norma. <\/p>\n\n<p>Le implicazioni per i prodotti confezionati, la vendita al dettaglio, la sanit\u00e0 e altri settori sono enormi.\nIl digital link GS1 o i codici a barre 2D sbloccano la possibilit\u00e0 di commercializzare, gestire, tracciare e analizzare i prodotti in modi nuovi. <\/p>\n\n<p>La GS1 US svolge un ruolo fondamentale nel guidare l&#8217;adozione dello standard GS1 Digital Link in diversi settori industriali negli Stati Uniti.\nUtilizzando il GS1 Digital Link, la GS1 US consente ai partner commerciali di migliorare la tracciabilit\u00e0 dei prodotti e il coinvolgimento dei consumatori attraverso tecnologie digitali innovative.\nLa GS1 US garantisce che le aziende e i loro partner commerciali possano integrare senza problemi il GS1 Digital Link nelle loro catene di fornitura, migliorando l&#8217;efficienza e la trasparenza nella condivisione delle informazioni sui prodotti.  <\/p>\n\n<h2 class=\"wp-block-heading\">Come funziona la tecnologia GS1 digital link?<\/h2>\n\n<p>Un GS1 digital link \u00e8 un codice a barre combinato con indirizzi web. Per far funzionare questa tecnologia semplice ma <a href=\"https:\/\/digital-link.com\/guides\/gs1-digital-link-technology\/\" data-type=\"post\" data-id=\"4961\">incredibilmente potente,<\/a> \u00e8 fondamentale capire come deve essere costruito il link e come vengono recuperate e distribuite le informazioni e i contenuti collegati. <\/p>\n\n<h3 class=\"wp-block-heading\">Struttura URI<\/h3>\n\n<p>Un <a href=\"\/?p=2004\" data-type=\"post\" data-id=\"2004\" data-schema-attribute=\"about\">URI GS1 digital link<\/a> \u00e8 un indirizzo web formattato in modo da contenere l&#8217;identificativo GS1 univoco di un prodotto (come un numero GTIN). La struttura URI collega gli oggetti fisici alle identit\u00e0 digitali online. <br\/><strong>Ad esempio:<\/strong><br\/>https:\/\/brand.com\/01\/01234567890123<\/p>\n\n<p><br\/>La sintassi dell&#8217;URI segue una struttura standardizzata definita nelle specifiche del GS1 digital link:<\/p>\n\n<ul class=\"wp-block-list\">\n<li><strong>Dominio<\/strong> &#8211; Il dominio web di propriet\u00e0 del marchio o dell&#8217;azienda.<\/li>\n\n\n\n<li><strong>Chiave ID primaria<\/strong> &#8211; Un Application Identifier (AI) GS1 che indica il tipo di identificatore utilizzato, come GTIN-13, GTIN-14, SSCC, ecc.<\/li>\n\n\n\n<li><strong>Identificatore<\/strong> &#8211; Il numero effettivo di identificazione del prodotto basato sulla chiave AI.\nAd esempio, l&#8217;UPC a 12 cifre. <\/li>\n\n\n\n<li><strong>Qualificatori<\/strong> &#8211; ID aggiuntivi opzionali come numero di lotto, numero di serie, ecc.<\/li>\n\n\n\n<li><strong>Attributi<\/strong> &#8211; Dati opzionali come peso, dimensioni e date di scadenza.<\/li>\n<\/ul>\n\n<p><br\/>Una volta codificato e scansionato, l&#8217;URI consente di cercare l&#8217;identit\u00e0 digitale del prodotto e le informazioni associate.<\/p>\n\n<h3 class=\"wp-block-heading\">Risolutori<\/h3>\n\n<p>Per tradurre un URI di un GS1 digital link o di un codice a barre 2D in dati di prodotto significativi \u00e8 necessario un server chiamato di un <a href=\"https:\/\/digital-link.com\/guides\/gs1-digital-link-resolver\/\">GS1 digital link resolver<\/a>. I servizi di risoluzione creano un ponte tra il mondo fisico e quello digitale.Quando viene scansionato un GS1 digital link, il resolver riceve l&#8217;URI e cerca l&#8217;identit\u00e0 del prodotto in base all&#8217;identificatore contenuto nella struttura dell&#8217;URI.I resolver svolgono diverse funzioni vitali: <\/p>\n\n<ul class=\"wp-block-list\">\n<li>Recuperare i <strong>contenuti digitali associati<\/strong>: informazioni sui prodotti, attributi, media, esperienze web, ecc.<\/li>\n\n\n\n<li>Verificare la <strong>validit\u00e0 degli identificatori di prodotto<\/strong> &#8211; Confermare che il GTIN o lo SKU sono ufficialmente registrati.<\/li>\n\n\n\n<li>Reindirizzamento<strong> in base al contesto<\/strong>: reindirizza a esperienze diverse in base a chi, dove e come viene scansionato il codice.<\/li>\n<\/ul>\n\n<p><br\/>Ad esempio, il resolver pu\u00f2 restituire informazioni sui prezzi e sull&#8217;inventario quando viene scannerizzato durante la cassa presso un rivenditore, anzich\u00e9 fornire un video del prodotto quando viene scannerizzato dallo smartphone di un consumatore.<\/p>\n\n<h3 class=\"wp-block-heading\">Vettori di dati<\/h3>\n\n<p>Per collegare i GS1 <a href=\"https:\/\/digital-link.com\/it\/\" data-type=\"page\" data-id=\"220\">digital links<\/a> ai prodotti fisici, l&#8217;URI deve essere codificato in <a href=\"\/?p=2004\" data-type=\"post\" data-id=\"2004\" data-schema-attribute=\"about\">supporti ottici di dati<\/a> come un codice QR o Data Matrix, che possono essere stampati sull&#8217;imballaggio.<br\/>codici QR sono una scelta ovvia in questo caso, soprattutto perch\u00e9 l&#8217;evoluzione delle stampanti professionali ad alta definizione ha permesso di ridurre le dimensioni minime dei codici QR a 5 mm, mantenendoli leggibili dai dispositivi.<\/p>\n\n<figure class=\"wp-block-image size-large\"><img decoding=\"async\" width=\"1024\" height=\"619\" src=\"https:\/\/digital-link.com\/wp-content\/uploads\/2023\/08\/Data-carriers-1024x619.png\" alt=\"Vettori di dati\" class=\"wp-image-4773\" title=\"\" srcset=\"https:\/\/digital-link.com\/wp-content\/uploads\/2023\/08\/Data-carriers-1024x619.png 1024w, https:\/\/digital-link.com\/wp-content\/uploads\/2023\/08\/Data-carriers-300x181.png 300w, https:\/\/digital-link.com\/wp-content\/uploads\/2023\/08\/Data-carriers-768x464.png 768w, https:\/\/digital-link.com\/wp-content\/uploads\/2023\/08\/Data-carriers.png 1456w\" sizes=\"(max-width: 1024px) 100vw, 1024px\" \/><\/figure>\n\n<h2 class=\"wp-block-heading\">Perch\u00e9 implementare il GS1 digital link?<\/h2>\n\n<h3 class=\"wp-block-heading\">Flessibilit\u00e0 omnichannel<\/h3>\n\n<p>Lo standard GS1 digital link consente al consumatore di vivere un&#8217;esperienza senza soluzione di continuit\u00e0 attraverso i punti di contatto fisici e digitali.La flessibilit\u00e0 dello standard fa s\u00ec che un singolo codice QR possa adattarsi e risolversi in diverse destinazioni a seconda del contesto.<\/p>\n\n<p><br\/>Ad esempio, il codice pu\u00f2 rimandare a risorse diverse a seconda del Paese in cui viene scansionato, dell&#8217;ora del giorno in cui viene scansionato o di altre variabili come la scansione all&#8217;interno di un punto vendita, il tipo di dispositivo utilizzato o le condizioni atmosferiche.<br\/>Questa funzionalit\u00e0 consapevole del contesto offre ai consumatori coerenza tra i negozi brick-and-mortar, i siti di e-commerce, le app mobili, i partner commerciali, i negozi di alimentari, i punti vendita e altro ancora.<\/p>\n\n<h3 class=\"wp-block-heading\">Visibilit\u00e0 della catena di approvvigionamento<\/h3>\n\n<p>La visibilit\u00e0 e la connettivit\u00e0 in tempo reale consentite dal GS1 digital link o dal codice a barre 2D migliorano l&#8217;<a href=\"\/?p=2004\" data-type=\"post\" data-id=\"2004\">efficienza delle operazioni della catena di fornitura<\/a> del commercio globale.<br\/>I produttori possono ottenere informazioni sulle materie prime e sui componenti utilizzati, gli operatori del settore della vendita al dettaglio possono tracciare l&#8217;inventario tra le varie sedi e i fornitori di logistica e i partner commerciali possono individuare le spedizioni in tempo reale.<br\/>Questa visibilit\u00e0 senza precedenti a livello di singolo prodotto migliora la tracciabilit\u00e0, riduce gli errori manuali, accelera i ritiri e consente di prendere decisioni basate sui dati per ottimizzare la produttivit\u00e0 della catena di fornitura.<\/p>\n\n<figure class=\"wp-block-image size-large\"><img decoding=\"async\" width=\"1024\" height=\"619\" src=\"https:\/\/digital-link.com\/wp-content\/uploads\/2023\/08\/Supply-chain-operations-1024x619.png\" alt=\"\" class=\"wp-image-4775\" title=\"\" srcset=\"https:\/\/digital-link.com\/wp-content\/uploads\/2023\/08\/Supply-chain-operations-1024x619.png 1024w, https:\/\/digital-link.com\/wp-content\/uploads\/2023\/08\/Supply-chain-operations-300x181.png 300w, https:\/\/digital-link.com\/wp-content\/uploads\/2023\/08\/Supply-chain-operations-768x464.png 768w, https:\/\/digital-link.com\/wp-content\/uploads\/2023\/08\/Supply-chain-operations.png 1456w\" sizes=\"(max-width: 1024px) 100vw, 1024px\" \/><\/figure>\n\n<h3 class=\"wp-block-heading\">Coinvolgimento degli acquirenti<\/h3>\n\n<p>I dati di prodotto on-demand consentono al proprietario di un marchio di <strong>interagire direttamente con i clienti<\/strong> e di fornire trasparenza sui prodotti.<br\/>I consumatori vogliono sempre pi\u00f9 conoscere dettagli come il luogo di produzione di un articolo, la data di scadenza, gli ingredienti, le informazioni sugli allergeni, le credenziali di sostenibilit\u00e0 e altro ancora.Lo standard GS1 digital link crea un modo per accedere istantaneamente a questi dati di prodotto dalla confezione tramite dispositivi mobili.<\/p>\n\n<h3 class=\"wp-block-heading\">Conformit\u00e0 normativa<\/h3>\n\n<p>La condivisione digitale dei dati, delle certificazioni e degli ingredienti richiesti <strong>semplifica la conformit\u00e0<\/strong>.<br\/>Le normative richiedono una maggiore trasparenza dei prodotti, soprattutto nel settore alimentare e delle bevande e in quello sanitario, come ad esempio i requisiti di etichettatura nutrizionale della FDA negli Stati Uniti o le normative dell&#8217;UE che impongono il Passaporto Digitale dei Prodotti.<\/p>\n\n<p><br\/>Centralizzando digitalmente gli asset di conformit\u00e0 richiesti, come la documentazione, le certificazioni e gli ingredienti, tramite il GS1 digital link o il codice a barre 2D, il proprietario di un marchio pu\u00f2 adempiere in modo pi\u00f9 efficiente agli obblighi normativi.<\/p>\n\n<h3 class=\"wp-block-heading\">A prova di futuro<\/h3>\n\n<p>Lo standard GS1 Digital Link, noto anche come codice a barre 2D, \u00e8 essenziale per il futuro dei prodotti IoT connessi e per la conformit\u00e0 alle norme di tracciabilit\u00e0.\nCon la scadenza del 2027 per il passaggio dai codici a barre lineari a quelli 2D, nota come Sunrise 2027, \u00e8 urgente che i marchi adottino questa tecnologia ora per rimanere competitivi e conformi.\nIniziare l&#8217;implementazione oggi aiuta i marchi a essere a prova di futuro e a garantire la conformit\u00e0 agli standard futuri.  <\/p>\n\n<h2 class=\"wp-block-heading\">Applicazioni e casi d&#8217;uso del GS1 digital link<\/h2>\n\n<p>Il GS1 digital link o i codici a barre 2D aprono nuove opportunit\u00e0 per le aziende nei settori della vendita al dettaglio, dei beni di consumo confezionati, della produzione, della sanit\u00e0, della logistica e della tecnologia. Fornisce un modo standardizzato per collegare gli oggetti fisici alle esperienze e alle informazioni digitali. <\/p>\n\n<p>I casi d&#8217;uso vanno dal miglioramento del coinvolgimento degli acquirenti, all&#8217;ottimizzazione delle operazioni della catena di approvvigionamento, alla semplificazione della conformit\u00e0 e molto altro ancora.<\/p>\n\n<h3 class=\"wp-block-heading\">Coinvolgimento degli acquirenti<\/h3>\n\n<p>Per i brand marketer, il GS1 digital link crea un&#8217;esperienza senza soluzione di continuit\u00e0 tra packaging, annunci digitali, siti web e app.<\/p>\n\n<p>I codici scannerizzabili trasformano i prodotti in punti di lancio per esperienze di consumo pi\u00f9 ampie.<br\/>Le applicazioni specifiche includono:<\/p>\n\n<ul class=\"wp-block-list\">\n<li><strong>Educazione al prodotto<\/strong> &#8211; Condividi video sugli ingredienti, la sostenibilit\u00e0, il processo di produzione, ecc.<\/li>\n\n\n\n<li><strong>Assistenza ai consumatori<\/strong> &#8211; Attiva istruzioni di auto-aiuto, FAQ, chatbot<\/li>\n\n\n\n<li><strong>Hub digitale<\/strong> &#8211; Link a contenuti online come ricette, tutorial, suggerimenti e trucchi.<\/li>\n\n\n\n<li><strong>Condivisione sociale<\/strong> &#8211; Incoraggia la condivisione di recensioni, foto ed esperienze.<\/li>\n\n\n\n<li><strong>Programmi di fidelizzazione al marchio<\/strong> &#8211; Accesso diretto ai portali di iscrizione e alle offerte esclusive<\/li>\n\n\n\n<li><strong>Coupon\/promozioni<\/strong> &#8211; Consegna di offerte speciali, partecipazioni a lotterie, sconti<\/li>\n\n\n\n<li><strong>Adozione delle app<\/strong> &#8211; Download e onboarding tempestivi per le app del marchio<\/li>\n<\/ul>\n\n<p><\/p>\n\n<figure class=\"wp-block-image size-large\"><img loading=\"lazy\" decoding=\"async\" width=\"1024\" height=\"619\" src=\"https:\/\/digital-link.com\/wp-content\/uploads\/2023\/08\/smiling-woman-scanning-qr-code-on-a-product-while-2023-02-02-20-31-15-utc-1-1024x619.png\" alt=\"\" class=\"wp-image-4787\" title=\"\" srcset=\"https:\/\/digital-link.com\/wp-content\/uploads\/2023\/08\/smiling-woman-scanning-qr-code-on-a-product-while-2023-02-02-20-31-15-utc-1-1024x619.png 1024w, https:\/\/digital-link.com\/wp-content\/uploads\/2023\/08\/smiling-woman-scanning-qr-code-on-a-product-while-2023-02-02-20-31-15-utc-1-300x181.png 300w, https:\/\/digital-link.com\/wp-content\/uploads\/2023\/08\/smiling-woman-scanning-qr-code-on-a-product-while-2023-02-02-20-31-15-utc-1-768x464.png 768w, https:\/\/digital-link.com\/wp-content\/uploads\/2023\/08\/smiling-woman-scanning-qr-code-on-a-product-while-2023-02-02-20-31-15-utc-1.png 1456w\" sizes=\"(max-width: 1024px) 100vw, 1024px\" \/><\/figure>\n\n<h3 class=\"wp-block-heading\">Operazioni della catena di approvvigionamento<\/h3>\n\n<p>GS1 digital link migliora la tracciabilit\u00e0 logistica, l&#8217;efficienza operativa e il processo decisionale per i ruoli della supply chain.I casi d&#8217;uso critici includono:<\/p>\n\n<ul class=\"wp-block-list\">\n<li><strong>Gestione dell&#8217;inventario<\/strong>: accedi all&#8217;inventario in tempo reale su una rete di siti.<\/li>\n\n\n\n<li><strong>Evasione degli ordini<\/strong> &#8211; Prelievo\/imballaggio degli ordini mediante scansione degli articoli anzich\u00e9 inserimento manuale<\/li>\n\n\n\n<li><strong>Spedizioni\/logistica<\/strong> &#8211; Traccia la posizione e lo stato dei singoli articoli durante il trasporto<\/li>\n\n\n\n<li><strong>Gestione dei richiami <\/strong>&#8211; Identifica rapidamente i prodotti interessati fino ai lotti esatti o ai numeri di serie.<\/li>\n\n\n\n<li><strong>Rifornimento<\/strong> &#8211; Automatizza gli ordini e i flussi di lavoro in base agli avvisi di esaurimento scorte.<\/li>\n\n\n\n<li><strong>Resi<\/strong> &#8211; Scansiona i prodotti per richiamare le informazioni relative agli ordini associati<\/li>\n\n\n\n<li><strong>Controllo qualit\u00e0<\/strong>: individua i prodotti testati e prodotti in tempi specifici.<\/li>\n<\/ul>\n\n<h3 class=\"wp-block-heading\">Conformit\u00e0 normativa<\/h3>\n\n<p>Il GS1 digital link o il codice a barre 2D semplificano la condivisione delle informazioni necessarie sul prodotto, come ingredienti, scadenza e credenziali di sostenibilit\u00e0.<br\/>Le applicazioni includono:<\/p>\n\n<ul class=\"wp-block-list\">\n<li><strong>Dichiarazioni degli ingredienti<\/strong> &#8211; Forniscono al consumatore l&#8217;accesso alle informazioni sugli allergeni, ai dati nutrizionali, ecc.<\/li>\n\n\n\n<li><strong>Certificazioni<\/strong> &#8211; Condividi le credenziali di approvvigionamento biologico, equo e solidale e altre credenziali etiche.<\/li>\n\n\n\n<li><strong>Informazioni sul produttore<\/strong> &#8211; Link a dettagli su test, controllo qualit\u00e0 e strutture<\/li>\n\n\n\n<li><strong>Date di scadenza<\/strong> &#8211; Gestisci le tempistiche di usabilit\u00e0 e freschezza<\/li>\n\n\n\n<li><strong>Metriche ambientali<\/strong> &#8211; Fornisci ai consumatori dati sull&#8217;impronta di carbonio, sull&#8217;utilizzo dell&#8217;energia e sull&#8217;impatto della sostenibilit\u00e0.<\/li>\n\n\n\n<li><strong>Registrazioni digitali dei lotti<\/strong> &#8211; Digitalizzazione dei processi e dei protocolli di produzione<\/li>\n<\/ul>\n\n<p><br\/>Le <a href=\"https:\/\/digital-link.com\/guides\/digital-link-supply-chain\/\" data-type=\"post\" data-id=\"4331\" data-schema-attribute=\"about\">applicazioni del GS1 digital link<\/a> vanno ben oltre questo elenco, che per\u00f2 fornisce un&#8217;istantanea delle diverse possibilit\u00e0 nei vari settori.<\/p>\n\n<h2 class=\"wp-block-heading\">Inizia a lavorare con GS1 digital link<\/h2>\n\n<p>Per i marchi che desiderano implementare il GS1 digital link, ci sono dei passi fondamentali per impostare il programma in modo che abbia successo.<\/p>\n\n<h3 class=\"wp-block-heading\">Seleziona il supporto dati<\/h3>\n\n<p>Una cosa importante da fare \u00e8 scegliere il supporto dati che codificher\u00e0 il GS1 digital link o i codici a barre 2D. \u00c8 questo che viene stampato e applicato ai prodotti fisici.<br\/>La scelta pi\u00f9 diffusa per coinvolgere i consumatori \u00e8 quella dei QR, che possono essere facilmente scansionati dagli imballaggi utilizzando gli smartphone. <\/p>\n\n<h3 class=\"wp-block-heading\">Creare URI di digital link<\/h3>\n\n<p>Una volta determinato il vettore dati, \u00e8 il momento di costruire gli URI del GS1 digital link. \u00c8 qui che entrano in gioco gli standard GS1.URI deve seguire la <a href=\"\/?p=2004\" data-type=\"post\" data-id=\"2004\">sintassi e la struttura corretta<\/a> descritta nelle specifiche del GS1 digital link o del codice a barre 2D. Questo include il dominio, il tipo di identificatore, i valori GTIN, i qualificatori come i numeri di lotto e di serie e gli attributi come la data di scadenza e la quantit\u00e0.  <\/p>\n\n<p>I GS1 digital link generati sulla nostra piattaforma vengono <strong>convalidati automaticamente<\/strong> per garantire che gli URI siano formattati correttamente.<\/p>\n\n<h3 class=\"wp-block-heading\">Imposta il resolver<\/h3>\n\n<p>Un altro componente critico \u00e8 l&#8217;implementazione del servizio di risoluzione per elaborare i GS1 digital link.<br\/>Quando i codici vengono scansionati, il resolver riceve gli URI e <strong>li converte in risposte pertinenti<\/strong>. Questo include il recupero dei dati associati e l&#8217;indirizzamento degli utenti verso gli endpoint appropriati.<br\/>Il servizio fornito da <a href=\"https:\/\/digital-link.com\/it\/\" data-type=\"page\" data-id=\"220\">digital-link.com<\/a> include <a href=\"\/?p=2004\" data-type=\"post\" data-id=\"2004\">funzionalit\u00e0 di risoluzione<\/a> che altrimenti richiederebbero sforzi e investimenti considerevoli. <\/p>\n\n<h3 class=\"wp-block-heading\">Collegare le esperienze<\/h3>\n\n<p>La fase finale consiste nel collegare il link digitale GS1 o i codici a barre 2D alle esperienze di fedelt\u00e0 al marchio online, ai contenuti, alle fonti di informazione, alle app e agli strumenti a cui vuoi che le persone accedano scansionando i prodotti.\nQuesto include la creazione di <strong>pagine prodotto<\/strong>, portali, video, promozioni e altro ancora.<br\/>Fortunatamente, <a href=\"https:\/\/digital-link.com\/it\/\" data-type=\"page\" data-id=\"220\">digital-link.com<\/a> crea automaticamente per te un link digitale GS1, una pagina prodotto intelligente e un codice QR dinamico <a href=\"https:\/\/digital-link.com\/it\/\" data-type=\"page\" data-id=\"220\">con un semplice GTIN del prodotto<\/a>. <\/p>\n\n<figure class=\"wp-block-image size-large\"><img loading=\"lazy\" decoding=\"async\" width=\"1024\" height=\"620\" src=\"https:\/\/digital-link.com\/wp-content\/uploads\/2023\/08\/Imagen-acompanamiento-2-1024x620.jpg\" alt=\"\" class=\"wp-image-4783\" title=\"\" srcset=\"https:\/\/digital-link.com\/wp-content\/uploads\/2023\/08\/Imagen-acompanamiento-2-1024x620.jpg 1024w, https:\/\/digital-link.com\/wp-content\/uploads\/2023\/08\/Imagen-acompanamiento-2-300x182.jpg 300w, https:\/\/digital-link.com\/wp-content\/uploads\/2023\/08\/Imagen-acompanamiento-2-768x465.jpg 768w, https:\/\/digital-link.com\/wp-content\/uploads\/2023\/08\/Imagen-acompanamiento-2.jpg 1456w\" sizes=\"(max-width: 1024px) 100vw, 1024px\" \/><\/figure>\n\n<h2 class=\"wp-block-heading\">Conclusione<\/h2>\n\n<p>GS1 Digital Link sta rivoluzionando il commercio globale collegando prodotti fisici e digitali, richiedendo l&#8217;adesione a standard e tecnologie specifiche. <a href=\"http:\/\/Digital-link.com\" data-type=\"link\" data-id=\"Digital-link.com\" rel=\"noopener\">Digital-link.com<\/a> offre una soluzione SaaS per aiutare i marchi a generare rapidamente <a href=\"https:\/\/www.gs1es.org\/estandares-gs1-identificar\/gs1-digital-link\/\" rel=\"noopener\">GS1 digital link<\/a>, digitalizzare i loro prodotti e misurare le prestazioni attraverso analisi dettagliate. Per iniziare, contatta i loro esperti all&#8217;indirizzo <a href=\"mailto:info@digital-link.com\">info@digital-link.com<\/a> o utilizza la loro live chat. <\/p>\n","protected":false},"excerpt":{"rendered":"<p>Cos&#8217;\u00e8 il digital link GS1 e perch\u00e9 \u00e8 importante? GS1 digital link (noto anche come codice a barre 2D) \u00e8 uno standard innovativo che collega i prodotti fisici a contenuti ed esperienze digitali dinamiche. La codifica degli URI web nei codici a barre e nei codici QR colma il divario tra offline e online. Questa [&hellip;]<\/p>\n","protected":false},"author":10,"featured_media":7604,"parent":0,"menu_order":0,"comment_status":"closed","ping_status":"closed","template":"","meta":{"footnotes":""},"class_list":["post-7603","page","type-page","status-publish","has-post-thumbnail","hentry"],"_links":{"self":[{"href":"https:\/\/digital-link.com\/it\/wp-json\/wp\/v2\/pages\/7603","targetHints":{"allow":["GET"]}}],"collection":[{"href":"https:\/\/digital-link.com\/it\/wp-json\/wp\/v2\/pages"}],"about":[{"href":"https:\/\/digital-link.com\/it\/wp-json\/wp\/v2\/types\/page"}],"author":[{"embeddable":true,"href":"https:\/\/digital-link.com\/it\/wp-json\/wp\/v2\/users\/10"}],"replies":[{"embeddable":true,"href":"https:\/\/digital-link.com\/it\/wp-json\/wp\/v2\/comments?post=7603"}],"version-history":[{"count":1,"href":"https:\/\/digital-link.com\/it\/wp-json\/wp\/v2\/pages\/7603\/revisions"}],"predecessor-version":[{"id":7605,"href":"https:\/\/digital-link.com\/it\/wp-json\/wp\/v2\/pages\/7603\/revisions\/7605"}],"wp:featuredmedia":[{"embeddable":true,"href":"https:\/\/digital-link.com\/it\/wp-json\/wp\/v2\/media\/7604"}],"wp:attachment":[{"href":"https:\/\/digital-link.com\/it\/wp-json\/wp\/v2\/media?parent=7603"}],"curies":[{"name":"wp","href":"https:\/\/api.w.org\/{rel}","templated":true}]}}