{"id":7600,"date":"2023-08-15T17:10:58","date_gmt":"2023-08-15T15:10:58","guid":{"rendered":"https:\/\/digital-link.com\/link-digital-gs1-entendendo-o-padrao\/"},"modified":"2024-09-10T22:56:50","modified_gmt":"2024-09-10T20:56:50","slug":"gs1-digital-link","status":"publish","type":"page","link":"https:\/\/digital-link.com\/pt-br\/gs1-digital-link\/","title":{"rendered":"GS1 digital link"},"content":{"rendered":"\n<h2 class=\"wp-block-heading\">O que \u00e9 o GS1 digital link e por que ele \u00e9 importante?<\/h2>\n\n<p>O GS1 digital link (tamb\u00e9m conhecido como c\u00f3digo de barras 2D) \u00e9 um padr\u00e3o inovador que conecta produtos f\u00edsicos a experi\u00eancias e conte\u00fados digitais din\u00e2micos. A codifica\u00e7\u00e3o de URIs da Web em c\u00f3digos de barras e c\u00f3digos QR preenche a lacuna entre o off-line e o on-line. <\/p>\n\n<p>Essa nova iniciativa cria um portal entre o produto f\u00edsico e as experi\u00eancias on-line da marca, fontes de informa\u00e7\u00e3o, aplicativos e muito mais. A leitura de um \u00fanico c\u00f3digo de barras na embalagem de um produto pode liberar instantaneamente o acesso ao conte\u00fado digital personalizado para o usu\u00e1rio espec\u00edfico com o GS1 Digital Link. <\/p>\n\n<figure class=\"wp-block-image size-large\"><img fetchpriority=\"high\" decoding=\"async\" width=\"1024\" height=\"619\" src=\"https:\/\/digital-link.com\/wp-content\/uploads\/2023\/08\/connecting-physical-products-to-dynamic-digital-content-1024x619.png\" alt=\"O que &#xE9; o GS1 Digital Link?\" class=\"wp-image-4777\" title=\"\" srcset=\"https:\/\/digital-link.com\/wp-content\/uploads\/2023\/08\/connecting-physical-products-to-dynamic-digital-content-1024x619.png 1024w, https:\/\/digital-link.com\/wp-content\/uploads\/2023\/08\/connecting-physical-products-to-dynamic-digital-content-300x181.png 300w, https:\/\/digital-link.com\/wp-content\/uploads\/2023\/08\/connecting-physical-products-to-dynamic-digital-content-768x464.png 768w, https:\/\/digital-link.com\/wp-content\/uploads\/2023\/08\/connecting-physical-products-to-dynamic-digital-content.png 1456w\" sizes=\"(max-width: 1024px) 100vw, 1024px\" \/><\/figure>\n\n<p>Alguns dos recursos liberados pelo padr\u00e3o de GS1 digital link incluem:<\/p>\n\n<ul class=\"wp-block-list\">\n<li><strong>Flexibilidade omnichannel<\/strong> &#8211; os mesmos c\u00f3digos podem ser vinculados a diferentes experi\u00eancias otimizadas para o contexto, como no ponto de venda ou no com\u00e9rcio eletr\u00f4nico.<\/li>\n\n\n\n<li><strong>Rastreabilidade aprimorada<\/strong> &#8211; os produtos podem ser identificados e rastreados digitalmente em toda a cadeia de suprimentos at\u00e9 o n\u00edvel do item.<\/li>\n\n\n\n<li><strong>Transpar\u00eancia<\/strong> &#8211; acesso f\u00e1cil a informa\u00e7\u00f5es detalhadas sobre a demanda, como ingredientes, fornecimento e fabrica\u00e7\u00e3o.<\/li>\n\n\n\n<li><strong>Conformidade perfeita<\/strong> &#8211; os dados necess\u00e1rios, como datas de validade e informa\u00e7\u00f5es nutricionais, podem ser compartilhados digitalmente por meio dos c\u00f3digos.<\/li>\n\n\n\n<li><strong>Experi\u00eancia do consumidor<\/strong> &#8211; a leitura de c\u00f3digos gera oportunidades para promo\u00e7\u00f5es, avalia\u00e7\u00f5es, programas de fidelidade \u00e0 marca e muito mais.<\/li>\n\n\n\n<li><strong>Experi\u00eancias de produto ampliadas<\/strong> &#8211; forne\u00e7a conte\u00fado adicional, como demonstra\u00e7\u00f5es, v\u00eddeos de instru\u00e7\u00f5es e receitas.<\/li>\n\n\n\n<li><strong>Insights comerciais aprimorados<\/strong> &#8211; obtenha dados adicionais sobre o uso do produto e an\u00e1lise do ciclo de vida.<\/li>\n<\/ul>\n\n<p><br\/><a href=\"https:\/\/digital-link.com\/guides\/gs1-digital-link-examples-use-cases\/\">O GS1 digital link<\/a> oferece uma maneira padronizada de dar a cada produto uma <strong>identidade digital exclusiva<\/strong>. Isso estabelece as bases para um ambiente de Internet das Coisas em que os produtos inteligentes se tornam a norma. <\/p>\n\n<p>As implica\u00e7\u00f5es nos setores de produtos embalados, varejo, sa\u00fade e outros s\u00e3o enormes. O GS1 digital link ou os c\u00f3digos de barras 2D liberam a capacidade de comercializar, gerenciar, rastrear e analisar produtos de novas maneiras. <\/p>\n\n<p>A GS1 US desempenha um papel fundamental na condu\u00e7\u00e3o da ado\u00e7\u00e3o do padr\u00e3o GS1 Digital Link em v\u00e1rios setores nos Estados Unidos. Ao usar o GS1 Digital Link, a GS1 US possibilita que os parceiros comerciais melhorem a rastreabilidade dos produtos e o envolvimento do consumidor por meio de tecnologias digitais inovadoras. A GS1 US garante que as empresas e seus parceiros comerciais possam integrar perfeitamente o uso do GS1 Digital Link em suas cadeias de suprimentos, melhorando a efici\u00eancia e a transpar\u00eancia no compartilhamento de informa\u00e7\u00f5es sobre produtos.  <\/p>\n\n<h2 class=\"wp-block-heading\">Como funciona a tecnologia de GS1 digital link?<\/h2>\n\n<p>Um GS1 digital link \u00e9 um c\u00f3digo de barras combinado com endere\u00e7os da Web. Para que essa tecnologia simples, mas <a href=\"https:\/\/digital-link.com\/guides\/gs1-digital-link-technology\/\" data-type=\"post\" data-id=\"4961\">incrivelmente poderosa<\/a>, funcione, \u00e9 fundamental que voc\u00ea entenda como o link deve ser constru\u00eddo e como as informa\u00e7\u00f5es e o conte\u00fado conectados s\u00e3o recuperados e distribu\u00eddos.<br\/> <\/p>\n\n<h3 class=\"wp-block-heading\">Estrutura de URI<\/h3>\n\n<p>Um <a href=\"\/?p=2004\" data-type=\"post\" data-id=\"2004\" data-schema-attribute=\"about\">URI de GS1 digital link<\/a> \u00e9 um endere\u00e7o da web formatado para conter o identificador GS1 exclusivo de um produto (como um n\u00famero GTIN). A estrutura do URI conecta objetos f\u00edsicos a identidades digitais on-line. <br\/><strong>Por exemplo:<\/strong><br\/>https:\/\/brand.com\/01\/01234567890123<\/p>\n\n<p><br\/>A sintaxe do URI segue uma estrutura padronizada definida nas especifica\u00e7\u00f5es de link digital da GS1:<\/p>\n\n<ul class=\"wp-block-list\">\n<li><strong>Dom\u00ednio<\/strong> &#8211; o dom\u00ednio da Web de propriedade da marca ou da empresa.<\/li>\n\n\n\n<li><strong>Chave de identifica\u00e7\u00e3o prim\u00e1ria<\/strong> &#8211; Um identificador de aplicativo GS1 (AI) que indica o tipo de identificador usado, como GTIN-13, GTIN-14, SSCC etc.<\/li>\n\n\n\n<li><strong>Identificador<\/strong> &#8211; O n\u00famero real de identifica\u00e7\u00e3o do produto com base na chave AI. Por exemplo, o UPC de 12 d\u00edgitos. <\/li>\n\n\n\n<li><strong>Qualificadores<\/strong> &#8211; IDs adicionais opcionais, como n\u00famero de lote, n\u00famero de s\u00e9rie, etc.<\/li>\n\n\n\n<li><strong>Atributos<\/strong> &#8211; Pontos de dados opcionais, como peso, dimens\u00f5es e datas de validade.<\/li>\n<\/ul>\n\n<p><br\/>Quando codificado e digitalizado, o URI permite a pesquisa da identidade digital do produto e das informa\u00e7\u00f5es associadas.<\/p>\n\n<h3 class=\"wp-block-heading\">Resolvedores<\/h3>\n\n<p>Um servidor chamado <a href=\"https:\/\/digital-link.com\/guides\/gs1-digital-link-resolver\/\">resolvedor de GS1 digital link<\/a> \u00e9 necess\u00e1rio para traduzir um link digital GS1 ou um URI de c\u00f3digo de barras 2D em dados significativos do produto. Os servi\u00e7os de resolu\u00e7\u00e3o fazem a ponte entre os mundos f\u00edsico e digital.<br\/>Quando um link digital GS1 \u00e9 escaneado, o resolvedor recebe o URI e procura a identidade do produto com base no identificador contido na estrutura do URI.<br\/>Os resolvedores executam v\u00e1rias fun\u00e7\u00f5es vitais: <\/p>\n\n<ul class=\"wp-block-list\">\n<li>Obten\u00e7\u00e3o de <strong>conte\u00fado digital associado<\/strong> &#8211; informa\u00e7\u00f5es sobre produtos, atributos, m\u00eddia, experi\u00eancias na Web, etc.<\/li>\n\n\n\n<li>Verifica\u00e7\u00e3o da <strong>validade dos identificadores de produtos<\/strong> &#8211; Confirma\u00e7\u00e3o de que o GTIN ou SKU est\u00e1 oficialmente registrado.<\/li>\n\n\n\n<li>Redirecionamento<strong> com base no contexto<\/strong> &#8211; Redirecionamento para diferentes experi\u00eancias com base em quem, onde e como o c\u00f3digo \u00e9 escaneado.<\/li>\n<\/ul>\n\n<p><br\/>Por exemplo, o resolvedor pode retornar informa\u00e7\u00f5es sobre pre\u00e7os e estoque quando digitalizado durante o checkout em um varejista, em vez de fornecer um v\u00eddeo do produto quando digitalizado pelo smartphone de um consumidor.<\/p>\n\n<h3 class=\"wp-block-heading\">Portadores de dados<\/h3>\n\n<p>Para anexar <a href=\"https:\/\/digital-link.com\/pt-br\/\" data-type=\"page\" data-id=\"220\">GS1 <\/a>digital link a produtos f\u00edsicos, o URI deve ser codificado em <a href=\"\/?p=2004\" data-type=\"post\" data-id=\"2004\" data-schema-attribute=\"about\">suportes de dados \u00f3pticos<\/a>, como um c\u00f3digo QR ou Data Matrix, que podem ser impressos na embalagem.<br\/>Os c\u00f3digos QR s\u00e3o uma escolha \u00f3bvia nesse caso, especialmente porque a evolu\u00e7\u00e3o das impressoras profissionais de alta defini\u00e7\u00e3o tornou poss\u00edvel reduzir o tamanho m\u00ednimo dos c\u00f3digos QR para 5 mm, mantendo-os leg\u00edveis por dispositivos.<\/p>\n\n<figure class=\"wp-block-image size-large\"><img decoding=\"async\" width=\"1024\" height=\"619\" src=\"https:\/\/digital-link.com\/wp-content\/uploads\/2023\/08\/Data-carriers-1024x619.png\" alt=\"Portadores de dados\" class=\"wp-image-4773\" title=\"\" srcset=\"https:\/\/digital-link.com\/wp-content\/uploads\/2023\/08\/Data-carriers-1024x619.png 1024w, https:\/\/digital-link.com\/wp-content\/uploads\/2023\/08\/Data-carriers-300x181.png 300w, https:\/\/digital-link.com\/wp-content\/uploads\/2023\/08\/Data-carriers-768x464.png 768w, https:\/\/digital-link.com\/wp-content\/uploads\/2023\/08\/Data-carriers.png 1456w\" sizes=\"(max-width: 1024px) 100vw, 1024px\" \/><\/figure>\n\n<h2 class=\"wp-block-heading\">Por que implementar o GS1 digital link?<\/h2>\n\n<h3 class=\"wp-block-heading\">Flexibilidade omnichannel<\/h3>\n\n<p>O padr\u00e3o GS1 digital link permite experi\u00eancias perfeitas para o consumidor em pontos de contato f\u00edsicos e digitais.A flexibilidade do padr\u00e3o significa que um \u00fanico c\u00f3digo QR pode se adaptar e ser resolvido para v\u00e1rios destinos, dependendo do contexto.<\/p>\n\n<p><br\/>Por exemplo, o c\u00f3digo pode ser vinculado a diferentes recursos, dependendo do pa\u00eds em que \u00e9 escaneado, da hora do dia em que \u00e9 escaneado ou de outras vari\u00e1veis, como o fato de ser escaneado dentro de um ponto de venda, o tipo de dispositivo usado ou o clima.<br\/>Esse recurso sens\u00edvel ao contexto oferece consist\u00eancia aos consumidores em lojas f\u00edsicas, sites de com\u00e9rcio eletr\u00f4nico, aplicativos m\u00f3veis, parceiros de neg\u00f3cios, supermercados, pontos de venda e muito mais.<\/p>\n\n<h3 class=\"wp-block-heading\">Visibilidade da cadeia de suprimentos<\/h3>\n\n<p>A visibilidade e a conectividade em tempo real possibilitadas pelo GS1 digital link ou pelo c\u00f3digo de barras 2D melhoram <a href=\"\/?p=2004\" data-type=\"post\" data-id=\"2004\">a efici\u00eancia das opera\u00e7\u00f5es da cadeia de suprimentos<\/a> do com\u00e9rcio global.<br\/>Os fabricantes podem obter insights sobre as mat\u00e9rias-primas e os componentes usados, os participantes do setor varejista podem rastrear o estoque em todos os locais e os fornecedores de log\u00edstica e parceiros de neg\u00f3cios podem identificar as remessas em tempo real.<br\/>Essa visibilidade sem precedentes no n\u00edvel do produto individual melhora a rastreabilidade, reduz os erros manuais, acelera os recalls e permite decis\u00f5es baseadas em dados para otimizar a produtividade da cadeia de suprimentos.<\/p>\n\n<figure class=\"wp-block-image size-large\"><img decoding=\"async\" width=\"1024\" height=\"619\" src=\"https:\/\/digital-link.com\/wp-content\/uploads\/2023\/08\/Supply-chain-operations-1024x619.png\" alt=\"\" class=\"wp-image-4775\" title=\"\" srcset=\"https:\/\/digital-link.com\/wp-content\/uploads\/2023\/08\/Supply-chain-operations-1024x619.png 1024w, https:\/\/digital-link.com\/wp-content\/uploads\/2023\/08\/Supply-chain-operations-300x181.png 300w, https:\/\/digital-link.com\/wp-content\/uploads\/2023\/08\/Supply-chain-operations-768x464.png 768w, https:\/\/digital-link.com\/wp-content\/uploads\/2023\/08\/Supply-chain-operations.png 1456w\" sizes=\"(max-width: 1024px) 100vw, 1024px\" \/><\/figure>\n\n<h3 class=\"wp-block-heading\">Envolvimento do comprador<\/h3>\n\n<p>Os dados de produtos sob demanda permitem que o propriet\u00e1rio de uma marca <strong>interaja diretamente com os clientes<\/strong> e ofere\u00e7a transpar\u00eancia aos produtos.<br\/>Os consumidores querem cada vez mais saber detalhes como onde um item foi fabricado, sua data de validade, ingredientes, informa\u00e7\u00f5es sobre alerg\u00eanicos, credenciais de sustentabilidade e muito mais.<br\/>O padr\u00e3o de GS1 digital link cria uma maneira de acessar instantaneamente esses dados de produtos da embalagem por meio de dispositivos m\u00f3veis.<\/p>\n\n<h3 class=\"wp-block-heading\">Conformidade regulat\u00f3ria<\/h3>\n\n<p>O compartilhamento digital dos dados, das certifica\u00e7\u00f5es e dos ingredientes necess\u00e1rios <strong>simplifica a conformidade<\/strong>.<br\/>Os regulamentos exigem mais transpar\u00eancia dos produtos, especialmente nos setores de alimentos e bebidas e de sa\u00fade &#8211; por exemplo, os requisitos de rotulagem nutricional da FDA nos EUA ou os regulamentos da UE que exigem passaportes digitais de produtos.<\/p>\n\n<p><br\/>Ao centralizar digitalmente os ativos de conformidade necess\u00e1rios, como documenta\u00e7\u00e3o, certifica\u00e7\u00f5es e ingredientes, por meio do GS1 digital link ou c\u00f3digo de barras 2D, o propriet\u00e1rio de uma marca pode cumprir com mais efici\u00eancia as obriga\u00e7\u00f5es regulat\u00f3rias.<\/p>\n\n<h3 class=\"wp-block-heading\">Preparado para o futuro<\/h3>\n\n<p>O padr\u00e3o GS1 Digital Link, tamb\u00e9m conhecido como c\u00f3digo de barras 2D, \u00e9 essencial para o futuro dos produtos de IoT conectados e para a conformidade com os regulamentos de rastreamento e monitoramento. Com o prazo de 2027 para a transi\u00e7\u00e3o de c\u00f3digos de barras lineares para 2D, conhecido como Sunrise 2027, \u00e9 urgente que as marcas adotem essa tecnologia agora para se manterem competitivas e em conformidade. Iniciar a implementa\u00e7\u00e3o hoje ajuda as marcas a preparar suas opera\u00e7\u00f5es para o futuro e a garantir que elas atendam aos padr\u00f5es futuros.  <\/p>\n\n<h2 class=\"wp-block-heading\">Aplicativos e casos de uso do GS1 digital link<\/h2>\n\n<p>O GS1 digital link ou c\u00f3digos de barras 2D abre novas oportunidades para empresas de varejo, bens de consumo embalados, manufatura, sa\u00fade, log\u00edstica e tecnologia. Ele oferece uma maneira padronizada de conectar objetos f\u00edsicos a experi\u00eancias e informa\u00e7\u00f5es digitais. <\/p>\n\n<p>Os casos de uso abrangem desde o aprimoramento do envolvimento do comprador, a otimiza\u00e7\u00e3o das opera\u00e7\u00f5es da cadeia de suprimentos, a simplifica\u00e7\u00e3o da conformidade e muito mais.<\/p>\n\n<h3 class=\"wp-block-heading\">Envolvimento do comprador<\/h3>\n\n<p>Para os profissionais de marketing de marcas, o GS1 digital link cria uma experi\u00eancia perfeita em embalagens, an\u00fancios digitais, sites e aplicativos.<\/p>\n\n<p>Os c\u00f3digos digitaliz\u00e1veis transformam os produtos em pontos de partida para experi\u00eancias de consumo mais amplas.<br\/>As aplica\u00e7\u00f5es espec\u00edficas incluem:<\/p>\n\n<ul class=\"wp-block-list\">\n<li><strong>Educa\u00e7\u00e3o sobre produtos<\/strong> &#8211; Compartilhe v\u00eddeos sobre ingredientes, sustentabilidade, processo de fabrica\u00e7\u00e3o, etc.<\/li>\n\n\n\n<li><strong>Suporte ao consumidor<\/strong> &#8211; habilite instru\u00e7\u00f5es de autoajuda, perguntas frequentes, chatbots<\/li>\n\n\n\n<li><strong>Centro digital<\/strong> &#8211; Link para conte\u00fado on-line, como receitas, tutoriais, dicas e truques<\/li>\n\n\n\n<li><strong>Compartilhamento social<\/strong> &#8211; Incentive o compartilhamento de avalia\u00e7\u00f5es, fotos e experi\u00eancias<\/li>\n\n\n\n<li><strong>Programas de fidelidade \u00e0 marca<\/strong> &#8211; Direto para portais de associa\u00e7\u00e3o e ofertas exclusivas<\/li>\n\n\n\n<li><strong>Cupons\/promo\u00e7\u00f5es<\/strong> &#8211; Ofere\u00e7a ofertas especiais, inscri\u00e7\u00f5es em sorteios, descontos<\/li>\n\n\n\n<li><strong>Ado\u00e7\u00e3o de aplicativos<\/strong> &#8211; download imediato e integra\u00e7\u00e3o de aplicativos da marca<\/li>\n<\/ul>\n\n<p><\/p>\n\n<figure class=\"wp-block-image size-large\"><img loading=\"lazy\" decoding=\"async\" width=\"1024\" height=\"619\" src=\"https:\/\/digital-link.com\/wp-content\/uploads\/2023\/08\/smiling-woman-scanning-qr-code-on-a-product-while-2023-02-02-20-31-15-utc-1-1024x619.png\" alt=\"\" class=\"wp-image-4787\" title=\"\" srcset=\"https:\/\/digital-link.com\/wp-content\/uploads\/2023\/08\/smiling-woman-scanning-qr-code-on-a-product-while-2023-02-02-20-31-15-utc-1-1024x619.png 1024w, https:\/\/digital-link.com\/wp-content\/uploads\/2023\/08\/smiling-woman-scanning-qr-code-on-a-product-while-2023-02-02-20-31-15-utc-1-300x181.png 300w, https:\/\/digital-link.com\/wp-content\/uploads\/2023\/08\/smiling-woman-scanning-qr-code-on-a-product-while-2023-02-02-20-31-15-utc-1-768x464.png 768w, https:\/\/digital-link.com\/wp-content\/uploads\/2023\/08\/smiling-woman-scanning-qr-code-on-a-product-while-2023-02-02-20-31-15-utc-1.png 1456w\" sizes=\"(max-width: 1024px) 100vw, 1024px\" \/><\/figure>\n\n<h3 class=\"wp-block-heading\">Opera\u00e7\u00f5es da cadeia de suprimentos<\/h3>\n\n<p>O GS1 digital link melhora a rastreabilidade log\u00edstica, a efici\u00eancia operacional e a tomada de decis\u00f5es para as fun\u00e7\u00f5es da cadeia de suprimentos.<br\/>Os casos cr\u00edticos de uso incluem:<\/p>\n\n<ul class=\"wp-block-list\">\n<li><strong>Gerenciamento de invent\u00e1rio<\/strong> &#8211; Acesse o invent\u00e1rio em tempo real em uma rede de locais<\/li>\n\n\n\n<li><strong>Atendimento de pedidos<\/strong> &#8211; coleta\/embalagem de pedidos por meio da digitaliza\u00e7\u00e3o de itens em vez de entrada manual<\/li>\n\n\n\n<li><strong>Remessa\/log\u00edstica<\/strong> &#8211; Rastreie a localiza\u00e7\u00e3o e o status de itens individuais durante o tr\u00e2nsito<\/li>\n\n\n\n<li><strong>Gerenciamento de recalls <\/strong>&#8211; Identifique rapidamente os produtos afetados at\u00e9 os lotes ou n\u00fameros de s\u00e9rie exatos<\/li>\n\n\n\n<li><strong>Reabastecimento<\/strong> &#8211; Automatize pedidos e fluxos de trabalho com base em alertas de estoque baixo<\/li>\n\n\n\n<li><strong>Devolu\u00e7\u00f5es<\/strong> &#8211; Digitalize produtos para obter informa\u00e7\u00f5es sobre os pedidos associados<\/li>\n\n\n\n<li><strong>Controle de qualidade<\/strong> &#8211; Identifique os produtos testados e produzidos durante per\u00edodos espec\u00edficos<\/li>\n<\/ul>\n\n<h3 class=\"wp-block-heading\">Conformidade regulat\u00f3ria<\/h3>\n\n<p>O GS1 digital link ou o c\u00f3digo de barras 2D simplifica o compartilhamento das informa\u00e7\u00f5es necess\u00e1rias sobre o produto, como ingredientes, validade e credenciais de sustentabilidade.<br\/>As aplica\u00e7\u00f5es incluem:<\/p>\n\n<ul class=\"wp-block-list\">\n<li><strong>Declara\u00e7\u00f5es de ingredientes<\/strong> &#8211; Fornece ao consumidor acesso a informa\u00e7\u00f5es sobre alerg\u00eanicos, fatos nutricionais, etc.<\/li>\n\n\n\n<li><strong>Certifica\u00e7\u00f5es<\/strong> &#8211; Compartilhe credenciais org\u00e2nicas, de com\u00e9rcio justo e outras credenciais de fornecimento \u00e9tico<\/li>\n\n\n\n<li><strong>Informa\u00e7\u00f5es do fabricante<\/strong> &#8211; Link para detalhes sobre testes, controle de qualidade e instala\u00e7\u00f5es<\/li>\n\n\n\n<li><strong>Datas de validade<\/strong> &#8211; Gerencie os prazos de usabilidade e o frescor<\/li>\n\n\n\n<li><strong>M\u00e9tricas ambientais<\/strong> &#8211; Forne\u00e7a aos consumidores dados sobre a pegada de carbono, o uso de energia e o impacto da sustentabilidade<\/li>\n\n\n\n<li><strong>Registros digitais de lotes<\/strong> &#8211; Digitalize processos e protocolos de produ\u00e7\u00e3o<\/li>\n<\/ul>\n\n<p><br\/>As <a href=\"https:\/\/digital-link.com\/guides\/digital-link-supply-chain\/\" data-type=\"post\" data-id=\"4331\" data-schema-attribute=\"about\">aplica\u00e7\u00f5es do GS1 digital link<\/a> v\u00e3o muito al\u00e9m dessa lista, mas ela fornece uma vis\u00e3o geral das diversas possibilidades em todos os setores.<\/p>\n\n<h2 class=\"wp-block-heading\">Comece a usar o GS1 digital link<\/h2>\n\n<p>Para as marcas que desejam implementar o GS1 digital link, h\u00e1 etapas fundamentais para que seu programa seja bem-sucedido.<\/p>\n\n<h3 class=\"wp-block-heading\">Selecione o suporte de dados<\/h3>\n\n<p>Uma coisa importante a fazer \u00e9 escolher qual portadora de dados codificar\u00e1 o GS1 digital link ou os c\u00f3digos de barras 2D. Isso \u00e9 o que ser\u00e1 impresso e aplicado aos produtos f\u00edsicos.<br\/>A escolha popular para o envolvimento do consumidor s\u00e3o os QRs, que podem ser escaneados facilmente na embalagem usando smartphones. <\/p>\n\n<h3 class=\"wp-block-heading\">Criar URIs de digital links<\/h3>\n\n<p>Com o suporte de dados determinado, \u00e9 hora de construir os URIs reais do GS1 digital link. \u00c9 aqui que os padr\u00f5es GS1 entram em a\u00e7\u00e3o.Os URIs devem seguir a <a href=\"\/?p=2004\" data-type=\"post\" data-id=\"2004\">sintaxe e a estrutura adequadas<\/a> descritas na especifica\u00e7\u00e3o do link digital GS1 digital link ou do c\u00f3digo de barras 2D. Isso inclui o dom\u00ednio, o tipo de identificador, os valores de GTIN, qualificadores como n\u00fameros de lote e de s\u00e9rie e atributos como data de validade e quantidade.  <\/p>\n\n<p>Um GS1 digital link gerado em nossa plataforma \u00e9 <strong>validado automaticamente<\/strong> para garantir que os URIs estejam formatados corretamente.<\/p>\n\n<h3 class=\"wp-block-heading\">Configurar o resolvedor<\/h3>\n\n<p>Outro componente essencial \u00e9 a implanta\u00e7\u00e3o do servi\u00e7o de resolu\u00e7\u00e3o para processar os GS1 digital link.<br\/>Quando os c\u00f3digos s\u00e3o escaneados, o resolvedor recebe os URIs e <strong>os converte em respostas relevantes<\/strong>. Isso inclui a obten\u00e7\u00e3o de dados associados e o direcionamento dos usu\u00e1rios para os pontos de extremidade apropriados.<br\/>O servi\u00e7o fornecido pelo <a href=\"https:\/\/digital-link.com\/pt-br\/\" data-type=\"page\" data-id=\"220\">digital-link.com<\/a> inclui <a href=\"\/?p=2004\" data-type=\"post\" data-id=\"2004\">recursos de resolu\u00e7\u00e3o<\/a> que, de outra forma, exigiriam esfor\u00e7os e investimentos consider\u00e1veis para serem estabelecidos. <\/p>\n\n<h3 class=\"wp-block-heading\">Conectar experi\u00eancias<\/h3>\n\n<p>O est\u00e1gio final \u00e9 conectar o link digital GS1 ou os c\u00f3digos de barras 2D \u00e0s experi\u00eancias de fidelidade \u00e0 marca on-line, ao conte\u00fado, \u00e0s fontes de informa\u00e7\u00e3o, aos aplicativos e \u00e0s ferramentas que voc\u00ea deseja que as pessoas acessem ao escanear os produtos. Isso inclui a configura\u00e7\u00e3o de <strong>p\u00e1ginas de produtos<\/strong>, portais, v\u00eddeos, promo\u00e7\u00f5es e muito mais.<br\/>Felizmente, o <a href=\"https:\/\/digital-link.com\/pt-br\/\" data-type=\"page\" data-id=\"220\">digital-link.com<\/a> cria automaticamente para voc\u00ea um link digital GS1, uma p\u00e1gina de produto inteligente e um c\u00f3digo QR din\u00e2mico <a href=\"https:\/\/digital-link.com\/pt-br\/\" data-type=\"page\" data-id=\"220\">com um GTIN de produto simples<\/a>. <\/p>\n\n<figure class=\"wp-block-image size-large\"><img loading=\"lazy\" decoding=\"async\" width=\"1024\" height=\"620\" src=\"https:\/\/digital-link.com\/wp-content\/uploads\/2023\/08\/Imagen-acompanamiento-2-1024x620.jpg\" alt=\"\" class=\"wp-image-4783\" title=\"\" srcset=\"https:\/\/digital-link.com\/wp-content\/uploads\/2023\/08\/Imagen-acompanamiento-2-1024x620.jpg 1024w, https:\/\/digital-link.com\/wp-content\/uploads\/2023\/08\/Imagen-acompanamiento-2-300x182.jpg 300w, https:\/\/digital-link.com\/wp-content\/uploads\/2023\/08\/Imagen-acompanamiento-2-768x465.jpg 768w, https:\/\/digital-link.com\/wp-content\/uploads\/2023\/08\/Imagen-acompanamiento-2.jpg 1456w\" sizes=\"(max-width: 1024px) 100vw, 1024px\" \/><\/figure>\n\n<h2 class=\"wp-block-heading\">Conclus\u00e3o<\/h2>\n\n<p>O GS1 Digital Link est\u00e1 revolucionando o com\u00e9rcio global ao conectar produtos f\u00edsicos e digitais, exigindo a ades\u00e3o a padr\u00f5es e tecnologias espec\u00edficos. <a href=\"http:\/\/Digital-link.com\" data-type=\"link\" data-id=\"Digital-link.com\" rel=\"noopener\">A Digital-link.com<\/a> oferece uma solu\u00e7\u00e3o SaaS para ajudar as marcas a gerar rapidamente <a href=\"https:\/\/www.gs1es.org\/estandares-gs1-identificar\/gs1-digital-link\/\" rel=\"noopener\">GS1 digital link<\/a>, digitalizar seus produtos e medir o desempenho por meio de an\u00e1lises detalhadas. Para come\u00e7ar, entre em contato com os especialistas em <a href=\"mailto:info@digital-link.com\">info@digital-link.com<\/a> ou use o bate-papo ao vivo. <\/p>\n","protected":false},"excerpt":{"rendered":"<p>O que \u00e9 o GS1 digital link e por que ele \u00e9 importante? O GS1 digital link (tamb\u00e9m conhecido como c\u00f3digo de barras 2D) \u00e9 um padr\u00e3o inovador que conecta produtos f\u00edsicos a experi\u00eancias e conte\u00fados digitais din\u00e2micos. A codifica\u00e7\u00e3o de URIs da Web em c\u00f3digos de barras e c\u00f3digos QR preenche a lacuna entre [&hellip;]<\/p>\n","protected":false},"author":10,"featured_media":7601,"parent":0,"menu_order":0,"comment_status":"closed","ping_status":"closed","template":"","meta":{"footnotes":""},"class_list":["post-7600","page","type-page","status-publish","has-post-thumbnail","hentry"],"_links":{"self":[{"href":"https:\/\/digital-link.com\/pt-br\/wp-json\/wp\/v2\/pages\/7600","targetHints":{"allow":["GET"]}}],"collection":[{"href":"https:\/\/digital-link.com\/pt-br\/wp-json\/wp\/v2\/pages"}],"about":[{"href":"https:\/\/digital-link.com\/pt-br\/wp-json\/wp\/v2\/types\/page"}],"author":[{"embeddable":true,"href":"https:\/\/digital-link.com\/pt-br\/wp-json\/wp\/v2\/users\/10"}],"replies":[{"embeddable":true,"href":"https:\/\/digital-link.com\/pt-br\/wp-json\/wp\/v2\/comments?post=7600"}],"version-history":[{"count":3,"href":"https:\/\/digital-link.com\/pt-br\/wp-json\/wp\/v2\/pages\/7600\/revisions"}],"predecessor-version":[{"id":7652,"href":"https:\/\/digital-link.com\/pt-br\/wp-json\/wp\/v2\/pages\/7600\/revisions\/7652"}],"wp:featuredmedia":[{"embeddable":true,"href":"https:\/\/digital-link.com\/pt-br\/wp-json\/wp\/v2\/media\/7601"}],"wp:attachment":[{"href":"https:\/\/digital-link.com\/pt-br\/wp-json\/wp\/v2\/media?parent=7600"}],"curies":[{"name":"wp","href":"https:\/\/api.w.org\/{rel}","templated":true}]}}